{"id":5128,"date":"2021-11-12T06:07:42","date_gmt":"2021-11-12T06:07:42","guid":{"rendered":"https:\/\/servinformsa.wpengine.com\/privacy-policy\/"},"modified":"2023-02-21T07:35:24","modified_gmt":"2023-02-21T07:35:24","slug":"privacy-policy","status":"publish","type":"page","link":"https:\/\/www.servinform.es\/en\/privacy-policy\/","title":{"rendered":"Privacy policy"},"content":{"rendered":"\t\t<div data-elementor-type=\"wp-page\" data-elementor-id=\"5128\" class=\"elementor elementor-5128 elementor-5076\" data-elementor-post-type=\"page\">\n\t\t\t\t\t\t<section class=\"elementor-section elementor-top-section elementor-element elementor-element-5e85906 elementor-section-boxed elementor-section-height-default elementor-section-height-default\" data-id=\"5e85906\" data-element_type=\"section\" data-e-type=\"section\" data-settings=\"{&quot;jet_parallax_layout_list&quot;:[{&quot;jet_parallax_layout_image&quot;:{&quot;url&quot;:&quot;&quot;,&quot;id&quot;:&quot;&quot;,&quot;size&quot;:&quot;&quot;},&quot;_id&quot;:&quot;6402c8b&quot;,&quot;jet_parallax_layout_image_tablet&quot;:{&quot;url&quot;:&quot;&quot;,&quot;id&quot;:&quot;&quot;,&quot;size&quot;:&quot;&quot;},&quot;jet_parallax_layout_image_mobile&quot;:{&quot;url&quot;:&quot;&quot;,&quot;id&quot;:&quot;&quot;,&quot;size&quot;:&quot;&quot;},&quot;jet_parallax_layout_speed&quot;:{&quot;unit&quot;:&quot;%&quot;,&quot;size&quot;:50,&quot;sizes&quot;:[]},&quot;jet_parallax_layout_type&quot;:&quot;scroll&quot;,&quot;jet_parallax_layout_direction&quot;:null,&quot;jet_parallax_layout_fx_direction&quot;:null,&quot;jet_parallax_layout_z_index&quot;:&quot;&quot;,&quot;jet_parallax_layout_bg_x&quot;:50,&quot;jet_parallax_layout_bg_x_tablet&quot;:&quot;&quot;,&quot;jet_parallax_layout_bg_x_mobile&quot;:&quot;&quot;,&quot;jet_parallax_layout_bg_y&quot;:50,&quot;jet_parallax_layout_bg_y_tablet&quot;:&quot;&quot;,&quot;jet_parallax_layout_bg_y_mobile&quot;:&quot;&quot;,&quot;jet_parallax_layout_bg_size&quot;:&quot;auto&quot;,&quot;jet_parallax_layout_bg_size_tablet&quot;:&quot;&quot;,&quot;jet_parallax_layout_bg_size_mobile&quot;:&quot;&quot;,&quot;jet_parallax_layout_animation_prop&quot;:&quot;transform&quot;,&quot;jet_parallax_layout_on&quot;:[&quot;desktop&quot;,&quot;tablet&quot;]}]}\">\n\t\t\t\t\t\t<div class=\"elementor-container elementor-column-gap-default\">\n\t\t\t\t\t<div class=\"elementor-column elementor-col-100 elementor-top-column elementor-element elementor-element-ddbbec9\" data-id=\"ddbbec9\" data-element_type=\"column\" data-e-type=\"column\">\n\t\t\t<div class=\"elementor-widget-wrap elementor-element-populated\">\n\t\t\t\t\t\t<div class=\"elementor-element elementor-element-ab88f85 elementor-widget elementor-widget-heading\" data-id=\"ab88f85\" data-element_type=\"widget\" data-e-type=\"widget\" data-widget_type=\"heading.default\">\n\t\t\t\t<div class=\"elementor-widget-container\">\n\t\t\t\t\t<h2 class=\"elementor-heading-title elementor-size-default\">PRIVACY POLICY OF SERVINFORM, S.A<\/h2>\t\t\t\t<\/div>\n\t\t\t\t<\/div>\n\t\t\t\t<div class=\"elementor-element elementor-element-f747ab0 elementor-widget elementor-widget-text-editor\" data-id=\"f747ab0\" data-element_type=\"widget\" data-e-type=\"widget\" data-widget_type=\"text-editor.default\">\n\t\t\t\t<div class=\"elementor-widget-container\">\n\t\t\t\t\t\t\t\t\t<section class=\"elementor-section elementor-top-section elementor-element elementor-element-fda6d14 elementor-section-boxed elementor-section-height-default elementor-section-height-default\" data-id=\"fda6d14\" data-element_type=\"section\">\n<div class=\"elementor-container elementor-column-gap-default\">\n<div class=\"elementor-row\">\n<div class=\"elementor-column elementor-col-100 elementor-top-column elementor-element elementor-element-811a105\" data-id=\"811a105\" data-element_type=\"column\">\n<div class=\"elementor-column-wrap elementor-element-populated\">\n<div class=\"elementor-widget-wrap\">\n<div class=\"elementor-element elementor-element-5fca624 elementor-widget elementor-widget-text-editor\" data-id=\"5fca624\" data-element_type=\"widget\" data-widget_type=\"text-editor.default\">\n<div class=\"elementor-widget-container\">\n<div class=\"elementor-text-editor elementor-clearfix\">\n<section class=\"elementor-section elementor-top-section elementor-element elementor-element-7bf95608 elementor-section-boxed elementor-section-height-default elementor-section-height-default\" data-id=\"7bf95608\" data-element_type=\"section\">\n<div class=\"elementor-container elementor-column-gap-default\">\n<div class=\"elementor-row\">\n<div class=\"elementor-column elementor-col-100 elementor-top-column elementor-element elementor-element-1cac4fa9\" data-id=\"1cac4fa9\" data-element_type=\"column\">\n<div class=\"elementor-column-wrap elementor-element-populated\">\n<div class=\"elementor-widget-wrap\">\n<div class=\"elementor-element elementor-element-3bef6480 elementor-widget elementor-widget-text-editor\" data-id=\"3bef6480\" data-element_type=\"widget\" data-widget_type=\"text-editor.default\">\n<div class=\"elementor-widget-container\">\n<div class=\"elementor-text-editor elementor-clearfix\">\n<p><strong>Date of last update: 12\/11\/2020<\/strong><\/p>\n<p>Mediante este aviso, la empresa SERVINFORM, S.A. domiciliada en Calle Manufacturas, 11 \u2013 Parque Industrial PISA \u2013 41927 Mairena del Aljarafe (Sevilla) y con direcci\u00f3n de correo electr\u00f3nico protecciondedatos@servinform.es, informa a los usuarios de sus sitios web acerca de su pol\u00edtica de protecci\u00f3n de datos de car\u00e1cter personal para que los Usuarios determinen libre y voluntariamente si desean facilitar a SERVINFORM, S.A. los Datos Personales que se les puedan requerir o que se puedan obtener de los Usuarios con ocasi\u00f3n de la suscripci\u00f3n o alta en algunos de los servicios ofrecidos por SERVINFORM, S.A. en el Portal o a trav\u00e9s del Portal. SERVINFORM, S.A. se reserva el derecho a modificar la presente pol\u00edtica para adaptarla a novedades legislativas o jurisprudenciales as\u00ed como a pr\u00e1cticas de la industria. En dichos supuestos, SERVINFORM, S.A. anunciar\u00e1 en esta p\u00e1gina los cambios introducidos con razonable antelaci\u00f3n a su puesta en pr\u00e1ctica.<\/p>\n<\/div>\n<\/div>\n<\/div>\n<\/div>\n<\/div>\n<\/div>\n<\/div>\n<\/div>\n<\/section>\n<section class=\"elementor-section elementor-top-section elementor-element elementor-element-c6f39a9 elementor-section-boxed elementor-section-height-default elementor-section-height-default\" data-id=\"c6f39a9\" data-element_type=\"section\">\n<div class=\"elementor-container elementor-column-gap-no\">\n<div class=\"elementor-row\">\n<div class=\"elementor-column elementor-col-100 elementor-top-column elementor-element elementor-element-4b3a340\" data-id=\"4b3a340\" data-element_type=\"column\">\n<div class=\"elementor-column-wrap elementor-element-populated\">\n<div class=\"elementor-widget-wrap\">\n<div class=\"elementor-element elementor-element-41a9f39 elementor-widget elementor-widget-heading\" data-id=\"41a9f39\" data-element_type=\"widget\" data-widget_type=\"heading.default\">\n<div class=\"elementor-widget-container\">\n<h2 class=\"elementor-heading-title elementor-size-default\">Registro de ficheros y formularios<\/h2>\n<\/div>\n<\/div>\n<div class=\"elementor-element elementor-element-41f0771 elementor-widget elementor-widget-heading\" data-id=\"41f0771\" data-element_type=\"widget\" data-widget_type=\"heading.default\">\n<div class=\"elementor-widget-container\">\n<h6 class=\"elementor-heading-title elementor-size-default\">Secci\u00f3n Contacto:<\/h6>\n<p>Informaci\u00f3n Adicional sobre Protecci\u00f3n de Datos<\/p>\n<\/div>\n<\/div>\n<\/div>\n<\/div>\n<\/div>\n<\/div>\n<\/div>\n<\/section>\n<section class=\"elementor-section elementor-top-section elementor-element elementor-element-1e0d496 elementor-section-boxed elementor-section-height-default elementor-section-height-default\" data-id=\"1e0d496\" data-element_type=\"section\">\n<div class=\"elementor-container elementor-column-gap-default\">\n<div class=\"elementor-row\">\n<div class=\"elementor-column elementor-col-100 elementor-top-column elementor-element elementor-element-005ed20\" data-id=\"005ed20\" data-element_type=\"column\">\n<div class=\"elementor-column-wrap elementor-element-populated\">\n<div class=\"elementor-widget-wrap\">\n<div class=\"elementor-element elementor-element-8fb8eb2 elementor-widget elementor-widget-text-editor\" data-id=\"8fb8eb2\" data-element_type=\"widget\" data-widget_type=\"text-editor.default\">\n<div class=\"elementor-widget-container\">\n<div class=\"elementor-text-editor elementor-clearfix\">\n<p><strong>\u00bfQui\u00e9n es el Responsable del tratamiento de sus datos?<\/strong><\/p>\n<p>Identidad: SERVINFORM, S.A. \u2013 CIF: A41050980<\/p>\n<p>Dir. postal: Calle Manufacturas, 11 \u2013 Parque Industrial PISA \u2013 41927 Mairena del Aljarafe (Sevilla)<\/p>\n<p>Tel\u00e9fono: 95 448 58 00<\/p>\n<p>Correo electr\u00f3nico: sgcorp.servinform@servinform.es<\/p>\n<p>Delegado de Protecci\u00f3n de Datos: ASC\u00c8NDIA REINGENIERIA Y CONSULTING, S.L.<\/p>\n<p>Contacto DPD.: protecciondedatos@servinform.es<\/p>\n<p><strong> <\/strong><\/p>\n<p><strong>\u00bfCon qu\u00e9 finalidad tratamos sus datos personales?<\/strong><\/p>\n<p>Tratamos sus datos para responder a su consulta\/solicitud y gestionar el tipo de relaci\u00f3n que mantiene con nosotros. Sus datos de contacto ser\u00e1n conservados mientras usted mantenga su consentimiento para esta finalidad. No se tomar\u00e1n decisiones individuales automatizadas ni se elaborar\u00e1n perfiles.<\/p>\n<p><strong> <\/strong><\/p>\n<p><strong>\u00bfCu\u00e1l es la legitimaci\u00f3n para el tratamiento de sus datos?<\/strong><\/p>\n<p>Tratamos sus datos personales en base a su consentimiento para responder a su consulta o solicitud. En caso de no facilitar sus datos ser\u00eda imposible establecer ninguna relaci\u00f3n comercial entre las partes.<\/p>\n<p><strong> <\/strong><\/p>\n<p><strong>\u00bfA qu\u00e9 destinatarios se comunicar\u00e1n sus datos?<\/strong><\/p>\n<p>No se realizar\u00e1n cesiones de sus datos. No se realizar\u00e1n transferencias internacionales de datos.<\/p>\n<p><strong><em>Secci\u00f3n Trabaja con Nosotros:<\/em><\/strong><\/p>\n<p><strong>(Informaci\u00f3n Adicional sobre Protecci\u00f3n de Datos)<\/strong><\/p>\n<p><strong> <\/strong><strong>\u00bfQui\u00e9n es el Responsable del tratamiento de sus datos?<\/strong><\/p>\n<p>Identidad: SERVINFORM, S.A. \u2013 CIF: A41050980<\/p>\n<p>Dir. postal: c\/ Manufactura, 11 Pol\u00edgono Industrial P.I.S.A. C.P. 41927 Mairena del Aljarafe, Sevilla.<\/p>\n<p>Tel\u00e9fono: 95 448 58 00<\/p>\n<p>Correo electr\u00f3nico: sgcorp.servinform@servinform.es<\/p>\n<p>Delegado de Protecci\u00f3n de Datos: ASC\u00c8NDIA REINGENIERIA Y CONSULTING, S.L.<\/p>\n<p>Contacto DPD.: protecciondedatos@servinform.es<\/p>\n<p><strong> <\/strong><\/p>\n<p><strong>\u00bfCon qu\u00e9 finalidad tratamos sus datos personales?<\/strong><\/p>\n<p>Tratamos sus datos para crear una base de datos de candidatos que opten a cubrir puestos vacantes en la empresa (Servinform) y en empresas participadas por esta, y se elaborar\u00e1n perfiles curriculares en base a la informaci\u00f3n proporcionada por usted, para ajustar su perfil a las caracter\u00edsticas de los puestos vacantes.<\/p>\n<p>Sus datos curriculares ser\u00e1n conservados mientras usted mantenga su consentimiento para esta finalidad. No se tomar\u00e1n decisiones individuales automatizadas.<\/p>\n<p><strong>\u00bfCu\u00e1l es la legitimaci\u00f3n para el tratamiento de sus datos?<\/strong><\/p>\n<p>Tratamos sus datos personales en base a su consentimiento para incluir sus datos curriculares en una base de datos de candidatos que opten a cubrir puestos vacantes en la entidad.<\/p>\n<p>En caso de no facilitar sus datos ser\u00eda imposible hacerle part\u00edcipe de futuros procesos de selecci\u00f3n de personal.<\/p>\n<p><strong>\u00bfA qu\u00e9 destinatarios se comunicar\u00e1n sus datos?<\/strong><\/p>\n<p>Sus datos no ser\u00e1n comunicados a terceros, salvo a otras empresas del Grupo o participadas por Servinform.<\/p>\n<p>La comunicaci\u00f3n de datos se realizar\u00e1 garantizando las medidas de seguridad exigibles en la legislaci\u00f3n vigente en materia de Protecci\u00f3n de Datos Personales mediante herramientas software de gesti\u00f3n y bajo pol\u00edticas de protecci\u00f3n de datos personales emitidas por SERVINFORM.<\/p>\n<p>No se realizar\u00e1n transferencias internacionales de datos.<\/p>\n<p>SERVINFORM, S.A. proporciona a los Usuarios los recursos t\u00e9cnicos adecuados para que, con car\u00e1cter previo, puedan acceder a este aviso sobre la Pol\u00edtica de Privacidad o a cualquier otra informaci\u00f3n relevante y puedan prestar su consentimiento a fin de que SERVINFORM, S.A. proceda al tratamiento automatizado de sus Datos Personales. Salvo en los campos en que se indique lo contrario, las respuestas a las preguntas sobre Datos Personales son voluntarias, sin que la falta de contestaci\u00f3n implique una merma en la calidad o cantidad de los servicios correspondientes, a menos que se indique otra cosa.<\/p>\n<p><strong>Finalidades<\/strong><\/p>\n<p>La finalidad a la que se destinar\u00e1 los datos personales que nos facilite est\u00e1 claramente definida en el apartado anterior para cada una de nuestras secciones susceptibles de recogida de datos.<\/p>\n<p><strong>Ejercicio de derechos<\/strong><\/p>\n<p>Las personas interesadas tienen derecho a obtener confirmaci\u00f3n sobre si estamos tratando datos personales que les conciernan, o no.<\/p>\n<p>Las personas interesadas tienen derecho a acceder a sus datos personales, as\u00ed como a solicitar la rectificaci\u00f3n de los datos inexactos o, en su caso, solicitar su supresi\u00f3n cuando, entre otros motivos, los datos ya no sean necesarios para los fines que fueron recogidos.<\/p>\n<p>Las personas interesadas tienen derecho a revocar o retirar el consentimiento otorgado para el tratamiento de sus datos para finalidades espec\u00edficas en cualquier momento.<\/p>\n<p>En determinadas circunstancias y por motivos relacionados con su situaci\u00f3n particular, las personas interesadas podr\u00e1n oponerse al tratamiento de sus datos o a parte de estos, en cuyo caso dejaremos de tratar los datos, salvo para el cumplimiento de alguna obligaci\u00f3n legal.<\/p>\n<p>En determinadas circunstancias, las personas interesadas podr\u00e1n solicitar la limitaci\u00f3n del tratamiento de sus datos, en cuyo caso \u00fanicamente los conservaremos para el ejercicio o la defensa de reclamaciones y para el cumplimiento de alguna obligaci\u00f3n legal.<\/p>\n<p>En determinadas circunstancias (cuando el tratamiento se realice por medios automatizados y este se base en el consentimiento de las personas interesadas), las personas interesadas podr\u00e1n solicitar la portabilidad de sus datos para que estos sean transmitidos a otro responsable.<\/p>\n<p>En determinadas circunstancias (cuando la base de legitimaci\u00f3n sea la ejecuci\u00f3n de un contrato o el consentimiento del interesado) las personas interesadas podr\u00e1n solicitar su derecho a no ser objeto de una decisi\u00f3n basada \u00fanicamente en el tratamiento automatizado, incluida la elaboraci\u00f3n de perfiles, que me produzca efectos jur\u00eddicos o me afecte significativamente de modo similar.<\/p>\n<p>Las personas interesadas pueden ejercer sus derechos dirigiendo un escrito al Responsable del Tratamiento en la direcci\u00f3n Calle Manufacturas, 11 \u2013 Parque Industrial PISA \u2013 41927 Mairena del Aljarafe (Sevilla), protecciondedatos@servinform.es, pudiendo obtener modelos para este ejercicio en www.aepd.es.<\/p>\n<p>Las personas interesadas disponen de la posibilidad presentar una reclamaci\u00f3n cuando no hayan obtenido satisfacci\u00f3n en el ejercicio de sus derechos ante la Agencia Espa\u00f1ola de Protecci\u00f3n de Datos (www.aepd.es). As\u00ed mismo, las personas interesadas pueden obtener informaci\u00f3n adicional acerca de sus derechos dirigi\u00e9ndose a la Agencia Espa\u00f1ola de Protecci\u00f3n de Datos (www.aepd.es).<\/p>\n<p><strong>Exactitud y veracidad de los datos facilitados<\/strong><\/p>\n<p>Los usuarios garantizan y responden, en cualquier caso, de la exactitud, vigencia y autenticidad de los datos personales facilitados, y se comprometen a mantenerlos debidamente actualizados.<\/p>\n<p>SERVINFORM, S.A. no responde de la veracidad de las informaciones que no sean de elaboraci\u00f3n propia y de las que se indique otra fuente, por lo que tampoco asume responsabilidad alguna en cuanto a hipot\u00e9ticos perjuicios que pudieran originarse por el uso de dicha informaci\u00f3n.<\/p>\n<p>SERVINFORM, S.A. se reserva el derecho a actualizar, modificar o eliminar la informaci\u00f3n contenida en sus p\u00e1ginas Web pudiendo incluso limitar o no permitir el acceso a dicha informaci\u00f3n<\/p>\n<p>Se exonera a SERVINFORM, S.A. de responsabilidad ante cualquier da\u00f1o o perjuicio que pudiera sufrir el Usuario como consecuencia de errores, defectos u omisiones, en la informaci\u00f3n facilitada por SERVINFORM, S.A. siempre que proceda de fuentes ajenas a SERVINFORM, S.A.<\/p>\n<p><strong>Cookies<\/strong><\/p>\n<p>En cumplimiento de la Ley 34\/2002, de 11 de julio de Servicios de la Sociedad de la Informaci\u00f3n y Comercio Electr\u00f3nico le informamos de que el presente sitio https:\/\/www.servinform.es es titularidad de SERVINFORM, S.A.<\/p>\n<p>Puede acceder a la informaci\u00f3n detallada sobre el uso de Cookies en el apartado <a href=\"https:\/\/www.servinform.es\/en\/cookies\/\">Pol\u00edtica de Cookies.<\/a><\/p>\n<p><strong>Medidas de seguridad<\/strong><\/p>\n<p>SERVINFORM, S.A. ha adoptado los niveles y medidas de seguridad para la protecci\u00f3n de los datos personales instalando en sus sistemas y ficheros las medidas t\u00e9cnicas necesarias para garantizar el tratamiento confidencial de los datos, evitar su p\u00e9rdida, alteraci\u00f3n y acceso no autorizado.<\/p>\n<p><strong>Aceptaci\u00f3n y Consentimiento<\/strong><\/p>\n<p>El Usuario declara haber sido informado de las condiciones sobre protecci\u00f3n de datos personales, aceptando y consintiendo el tratamiento automatizado de los mismos por parte de SERVINFORM, S.A. en la forma y para las finalidades indicadas en el clausulado informativo presente en cada una de las secciones en las que pueden recabarse datos de car\u00e1cter personal.<\/p>\n<\/div>\n<\/div>\n<\/div>\n<\/div>\n<\/div>\n<\/div>\n<\/div>\n<\/div>\n<\/section>\n<\/div>\n<\/div>\n<\/div>\n<\/div>\n<\/div>\n<\/div>\n<\/div>\n<\/div>\n<\/section>\n\t\t\t\t\t\t\t\t<\/div>\n\t\t\t\t<\/div>\n\t\t\t\t\t<\/div>\n\t\t<\/div>\n\t\t\t\t\t<\/div>\n\t\t<\/section>\n\t\t\t\t<\/div>\n\t\t","protected":false},"excerpt":{"rendered":"<p>PRIVACY POLICY OF SERVINFORM, S.A Date of last update: 12\/11\/2020 Mediante este aviso, la empresa SERVINFORM, S.A. domiciliada en Calle Manufacturas, 11 \u2013 Parque Industrial PISA \u2013 41927 Mairena del Aljarafe (Sevilla) y con direcci\u00f3n de correo electr\u00f3nico protecciondedatos@servinform.es, informa a los usuarios de sus sitios web acerca de su pol\u00edtica de protecci\u00f3n de datos [&hellip;]<\/p>\n","protected":false},"author":1,"featured_media":0,"parent":0,"menu_order":0,"comment_status":"closed","ping_status":"closed","template":"elementor_header_footer","meta":{"_acf_changed":false,"footnotes":""},"class_list":["post-5128","page","type-page","status-publish","hentry"],"acf":[],"_links":{"self":[{"href":"https:\/\/www.servinform.es\/en\/wp-json\/wp\/v2\/pages\/5128","targetHints":{"allow":["GET"]}}],"collection":[{"href":"https:\/\/www.servinform.es\/en\/wp-json\/wp\/v2\/pages"}],"about":[{"href":"https:\/\/www.servinform.es\/en\/wp-json\/wp\/v2\/types\/page"}],"author":[{"embeddable":true,"href":"https:\/\/www.servinform.es\/en\/wp-json\/wp\/v2\/users\/1"}],"replies":[{"embeddable":true,"href":"https:\/\/www.servinform.es\/en\/wp-json\/wp\/v2\/comments?post=5128"}],"version-history":[{"count":0,"href":"https:\/\/www.servinform.es\/en\/wp-json\/wp\/v2\/pages\/5128\/revisions"}],"wp:attachment":[{"href":"https:\/\/www.servinform.es\/en\/wp-json\/wp\/v2\/media?parent=5128"}],"curies":[{"name":"wp","href":"https:\/\/api.w.org\/{rel}","templated":true}]}}