{"id":4896,"date":"2021-11-08T08:37:38","date_gmt":"2021-11-08T08:37:38","guid":{"rendered":"https:\/\/servinformsa.wpengine.com\/avviso-legale\/"},"modified":"2021-11-08T08:37:38","modified_gmt":"2021-11-08T08:37:38","slug":"avviso-legale","status":"publish","type":"page","link":"https:\/\/www.servinform.es\/it\/avviso-legale\/","title":{"rendered":"Avviso legale"},"content":{"rendered":"\t\t<div data-elementor-type=\"wp-page\" data-elementor-id=\"4896\" class=\"elementor elementor-4896 elementor-3383\" data-elementor-post-type=\"page\">\n\t\t\t\t\t\t<section class=\"elementor-section elementor-top-section elementor-element elementor-element-1b317e2 elementor-section-boxed elementor-section-height-default elementor-section-height-default\" data-id=\"1b317e2\" data-element_type=\"section\" data-e-type=\"section\" data-settings=\"{&quot;jet_parallax_layout_list&quot;:[{&quot;jet_parallax_layout_image&quot;:{&quot;url&quot;:&quot;&quot;,&quot;id&quot;:&quot;&quot;,&quot;size&quot;:&quot;&quot;},&quot;_id&quot;:&quot;899638e&quot;,&quot;jet_parallax_layout_image_tablet&quot;:{&quot;url&quot;:&quot;&quot;,&quot;id&quot;:&quot;&quot;,&quot;size&quot;:&quot;&quot;},&quot;jet_parallax_layout_image_mobile&quot;:{&quot;url&quot;:&quot;&quot;,&quot;id&quot;:&quot;&quot;,&quot;size&quot;:&quot;&quot;},&quot;jet_parallax_layout_speed&quot;:{&quot;unit&quot;:&quot;%&quot;,&quot;size&quot;:50,&quot;sizes&quot;:[]},&quot;jet_parallax_layout_type&quot;:&quot;scroll&quot;,&quot;jet_parallax_layout_direction&quot;:null,&quot;jet_parallax_layout_fx_direction&quot;:null,&quot;jet_parallax_layout_z_index&quot;:&quot;&quot;,&quot;jet_parallax_layout_bg_x&quot;:50,&quot;jet_parallax_layout_bg_x_tablet&quot;:&quot;&quot;,&quot;jet_parallax_layout_bg_x_mobile&quot;:&quot;&quot;,&quot;jet_parallax_layout_bg_y&quot;:50,&quot;jet_parallax_layout_bg_y_tablet&quot;:&quot;&quot;,&quot;jet_parallax_layout_bg_y_mobile&quot;:&quot;&quot;,&quot;jet_parallax_layout_bg_size&quot;:&quot;auto&quot;,&quot;jet_parallax_layout_bg_size_tablet&quot;:&quot;&quot;,&quot;jet_parallax_layout_bg_size_mobile&quot;:&quot;&quot;,&quot;jet_parallax_layout_animation_prop&quot;:&quot;transform&quot;,&quot;jet_parallax_layout_on&quot;:[&quot;desktop&quot;,&quot;tablet&quot;]}]}\">\n\t\t\t\t\t\t<div class=\"elementor-container elementor-column-gap-default\">\n\t\t\t\t\t<div class=\"elementor-column elementor-col-100 elementor-top-column elementor-element elementor-element-5f89679\" data-id=\"5f89679\" data-element_type=\"column\" data-e-type=\"column\">\n\t\t\t<div class=\"elementor-widget-wrap elementor-element-populated\">\n\t\t\t\t\t\t<div class=\"elementor-element elementor-element-018e2c0 elementor-widget elementor-widget-heading\" data-id=\"018e2c0\" data-element_type=\"widget\" data-e-type=\"widget\" data-widget_type=\"heading.default\">\n\t\t\t\t<div class=\"elementor-widget-container\">\n\t\t\t\t\t<h2 class=\"elementor-heading-title elementor-size-default\">AVVISO LEGALE DI SERVINFORM, S.A.<\/h2>\t\t\t\t<\/div>\n\t\t\t\t<\/div>\n\t\t\t\t<div class=\"elementor-element elementor-element-5cd2d91 elementor-widget elementor-widget-text-editor\" data-id=\"5cd2d91\" data-element_type=\"widget\" data-e-type=\"widget\" data-widget_type=\"text-editor.default\">\n\t\t\t\t<div class=\"elementor-widget-container\">\n\t\t\t\t\t\t\t\t\t<section class=\"elementor-section elementor-top-section elementor-element elementor-element-357fbac5 elementor-section-boxed elementor-section-height-default elementor-section-height-default\" data-id=\"357fbac5\" data-element_type=\"section\">\n<div class=\"elementor-container elementor-column-gap-no\">\n<div class=\"elementor-row\">\n<div class=\"elementor-column elementor-col-100 elementor-top-column elementor-element elementor-element-23dd6a1e\" data-id=\"23dd6a1e\" data-element_type=\"column\">\n<div class=\"elementor-column-wrap elementor-element-populated\">\n<div class=\"elementor-widget-wrap\">\n<div class=\"elementor-element elementor-element-7310ea5c elementor-widget elementor-widget-heading\" data-id=\"7310ea5c\" data-element_type=\"widget\" data-widget_type=\"heading.default\">\n<div class=\"elementor-widget-container\">\n<h2 class=\"elementor-heading-title elementor-size-default\"> <\/h2>\n<\/div>\n<\/div>\n<\/div>\n<\/div>\n<\/div>\n<\/div>\n<\/div>\n<\/section>\n<section class=\"elementor-section elementor-top-section elementor-element elementor-element-7bf95608 elementor-section-boxed elementor-section-height-default elementor-section-height-default\" data-id=\"7bf95608\" data-element_type=\"section\">\n<div class=\"elementor-container elementor-column-gap-default\">\n<div class=\"elementor-row\">\n<div class=\"elementor-column elementor-col-100 elementor-top-column elementor-element elementor-element-1cac4fa9\" data-id=\"1cac4fa9\" data-element_type=\"column\">\n<div class=\"elementor-column-wrap elementor-element-populated\">\n<div class=\"elementor-widget-wrap\">\n<div class=\"elementor-element elementor-element-3bef6480 elementor-widget elementor-widget-text-editor\" data-id=\"3bef6480\" data-element_type=\"widget\" data-widget_type=\"text-editor.default\">\n<div class=\"elementor-widget-container\">\n<div class=\"elementor-text-editor elementor-clearfix\">\n<p>Il presente avviso legale (di seguito, &#8220;Avviso legale&#8221;) regola l&#8217;uso dei siti web di propriet\u00e0 di SERVINFORM, S.A. (in seguito Siti web) con domicilio sociale in c\/ Manufacturas, 11 Pol\u00edgono Industrial P.I.S.A. C.P. 41927 Mairena del Aljarafe, Siviglia, E-mail sgcorp.servinform@servinform.es, Telefono di contatto +34 95 448 58 00, Numero di identificazione fiscale A41050980 e dati di Iscrizione al Registro Mercantile: Volume 1400, foglio 110, pagina SE-3864.<\/p>\n<\/div>\n<\/div>\n<\/div>\n<\/div>\n<\/div>\n<\/div>\n<\/div>\n<\/div>\n<\/section>\n<section class=\"elementor-section elementor-top-section elementor-element elementor-element-c6f39a9 elementor-section-boxed elementor-section-height-default elementor-section-height-default\" data-id=\"c6f39a9\" data-element_type=\"section\">\n<div class=\"elementor-container elementor-column-gap-no\">\n<div class=\"elementor-row\">\n<div class=\"elementor-column elementor-col-100 elementor-top-column elementor-element elementor-element-4b3a340\" data-id=\"4b3a340\" data-element_type=\"column\">\n<div class=\"elementor-column-wrap elementor-element-populated\">\n<div class=\"elementor-widget-wrap\">\n<div class=\"elementor-element elementor-element-41a9f39 elementor-widget elementor-widget-heading\" data-id=\"41a9f39\" data-element_type=\"widget\" data-widget_type=\"heading.default\">\n<div class=\"elementor-widget-container\">\n<h2 class=\"elementor-heading-title elementor-size-default\">Legislazione<\/h2>\n<div> <\/div>\n<\/div>\n<\/div>\n<\/div>\n<\/div>\n<\/div>\n<\/div>\n<\/div>\n<\/section>\n<section class=\"elementor-section elementor-top-section elementor-element elementor-element-1e0d496 elementor-section-boxed elementor-section-height-default elementor-section-height-default\" data-id=\"1e0d496\" data-element_type=\"section\">\n<div class=\"elementor-container elementor-column-gap-default\">\n<div class=\"elementor-row\">\n<div class=\"elementor-column elementor-col-100 elementor-top-column elementor-element elementor-element-005ed20\" data-id=\"005ed20\" data-element_type=\"column\">\n<div class=\"elementor-column-wrap elementor-element-populated\">\n<div class=\"elementor-widget-wrap\">\n<div class=\"elementor-element elementor-element-8fb8eb2 elementor-widget elementor-widget-text-editor\" data-id=\"8fb8eb2\" data-element_type=\"widget\" data-widget_type=\"text-editor.default\">\n<div class=\"elementor-widget-container\">\n<div class=\"elementor-text-editor elementor-clearfix\">\n<p>L&#8217;uso dei Siti web \u00e8 soggetto anche a tutti gli avvisi, regolamenti d&#8217;uso e istruzioni resi noti all&#8217;utente che sostituiscono, completano e\/o modificano il presente Avviso legale.<\/p>\n<p>In generale, i rapporti tra SERVINFORM S.A. e gli utenti dei suoi servizi telematici, presenti sui siti web, sono soggetti alla legislazione e alla giurisdizione spagnola.<\/p>\n<p>Per qualsiasi controversia, entrambe le parti, SERVINFORM, S.A. e l&#8217;UTENTE, rinunciando espressamente a qualsiasi altra giurisdizione che possa corrispondere loro, si sottopongono alla giurisdizione e alla competenza esclusiva delle Corti e dei Tribunali di Siviglia (Spagna).<\/p>\n<p>Potranno anche sottoporre le controversie all&#8217;arbitrato dei consumatori aderendo al Sistema di arbitrato dei consumatori competente, disponibile anche per via elettronica, secondo la procedura stabilita dal regolamento.<\/p>\n<\/p>\n<\/div>\n<\/div>\n<\/div>\n<\/div>\n<\/div>\n<\/div>\n<\/div>\n<\/div>\n<\/section>\n<section class=\"elementor-section elementor-top-section elementor-element elementor-element-00d82e2 elementor-section-boxed elementor-section-height-default elementor-section-height-default\" data-id=\"00d82e2\" data-element_type=\"section\">\n<div class=\"elementor-container elementor-column-gap-default\">\n<div class=\"elementor-row\">\n<div class=\"elementor-column elementor-col-100 elementor-top-column elementor-element elementor-element-9b5e634\" data-id=\"9b5e634\" data-element_type=\"column\">\n<div class=\"elementor-column-wrap elementor-element-populated\">\n<div class=\"elementor-widget-wrap\">\n<div class=\"elementor-element elementor-element-9afec40 elementor-widget elementor-widget-heading\" data-id=\"9afec40\" data-element_type=\"widget\" data-widget_type=\"heading.default\">\n<div class=\"elementor-widget-container\">\n<h2 class=\"elementor-heading-title elementor-size-default\">Uso e accesso degli Utenti<\/h2>\n<div> <\/div>\n<\/div>\n<\/div>\n<\/div>\n<\/div>\n<\/div>\n<\/div>\n<\/div>\n<\/section>\n<section class=\"elementor-section elementor-top-section elementor-element elementor-element-18c8e90 elementor-section-boxed elementor-section-height-default elementor-section-height-default\" data-id=\"18c8e90\" data-element_type=\"section\">\n<div class=\"elementor-container elementor-column-gap-default\">\n<div class=\"elementor-row\">\n<div class=\"elementor-column elementor-col-100 elementor-top-column elementor-element elementor-element-ba33854\" data-id=\"ba33854\" data-element_type=\"column\">\n<div class=\"elementor-column-wrap elementor-element-populated\">\n<div class=\"elementor-widget-wrap\">\n<div class=\"elementor-element elementor-element-f95bd26 elementor-widget elementor-widget-text-editor\" data-id=\"f95bd26\" data-element_type=\"widget\" data-widget_type=\"text-editor.default\">\n<div class=\"elementor-widget-container\">\n<div class=\"elementor-text-editor elementor-clearfix\">\n<p>L&#8217;Utente \u00e8 stato informato, e accetta, che l&#8217;accesso ai Siti web non prevede in alcun modo l&#8217;inizio di una relazione commerciale con SERVINFORM, S.A.<\/p>\n<p>SERVINFORM, S.A. si riserva il diritto di effettuare senza previo avviso le modifiche che ritiene opportune nei propri Siti web, potendo cambiare, eliminare o aggiungere sia contenuti e servizi prestati tramite il sito, sia il modo in cui questi sono presentati o localizzati sui server.<\/p>\n<\/p>\n<\/div>\n<\/div>\n<\/div>\n<\/div>\n<\/div>\n<\/div>\n<\/div>\n<\/div>\n<\/section>\n<section class=\"elementor-section elementor-top-section elementor-element elementor-element-fb8d9c6 elementor-section-boxed elementor-section-height-default elementor-section-height-default\" data-id=\"fb8d9c6\" data-element_type=\"section\">\n<div class=\"elementor-container elementor-column-gap-default\">\n<div class=\"elementor-row\">\n<div class=\"elementor-column elementor-col-100 elementor-top-column elementor-element elementor-element-c117401\" data-id=\"c117401\" data-element_type=\"column\">\n<div class=\"elementor-column-wrap elementor-element-populated\">\n<div class=\"elementor-widget-wrap\">\n<div class=\"elementor-element elementor-element-9af8f94 elementor-widget elementor-widget-heading\" data-id=\"9af8f94\" data-element_type=\"widget\" data-widget_type=\"heading.default\">\n<div class=\"elementor-widget-container\">\n<h2 class=\"elementor-heading-title elementor-size-default\">Propriet\u00e0 intellettuale e industriale<\/h2>\n<div> <\/div>\n<\/div>\n<\/div>\n<\/div>\n<\/div>\n<\/div>\n<\/div>\n<\/div>\n<\/section>\n<section class=\"elementor-section elementor-top-section elementor-element elementor-element-47309a3 elementor-section-boxed elementor-section-height-default elementor-section-height-default\" data-id=\"47309a3\" data-element_type=\"section\">\n<div class=\"elementor-container elementor-column-gap-default\">\n<div class=\"elementor-row\">\n<div class=\"elementor-column elementor-col-100 elementor-top-column elementor-element elementor-element-3c726a5\" data-id=\"3c726a5\" data-element_type=\"column\">\n<div class=\"elementor-column-wrap elementor-element-populated\">\n<div class=\"elementor-widget-wrap\">\n<div class=\"elementor-element elementor-element-ebf225e elementor-widget elementor-widget-text-editor\" data-id=\"ebf225e\" data-element_type=\"widget\" data-widget_type=\"text-editor.default\">\n<div class=\"elementor-widget-container\">\n<div class=\"elementor-text-editor elementor-clearfix\">\n<p>Tutti i contenuti dei Siti web (inclusi, senza carattere limitativo, database, immagini e fotografie, disegni, grafici e file di testo) sono propriet\u00e0 di SERVINFORM, S.A. o dei fornitori di contenuti, essendo stati, in questo ultimo caso, oggetto di licenza o cessione da parte degli stessi, e sono protetti dalle norme nazionali o internazionali di propriet\u00e0 intellettuale. La compilazione, il design, la disposizione e l&#8217;assemblaggio di tutti i contenuti dei Siti web sono di propriet\u00e0 esclusiva di SERVINFORM, S.A. e sono protetti dalle norme nazionali e internazionali sulla propriet\u00e0 industriale e intellettuale.<\/p>\n<p>I marchi, le scritte, i segni distintivi o i loghi dei Siti web sono di propriet\u00e0 di SERVINFORM, S.A. e sono debitamente registrati.<\/p>\n<p>I testi, i dati e i disegni grafici sono di propriet\u00e0 di SERVINFORM, S.A. o delle entit\u00e0 che forniscono le informazioni e non possono essere soggetti a successive modifiche, copie, trasformazioni, alterazioni, riproduzioni, adattamenti o traduzioni da parte di terzi senza l&#8217;espressa autorizzazione del proprietario di tali contenuti. La messa a disposizione di testi, dati e disegni grafici non implica, in nessun caso, il trasferimento della propriet\u00e0 o la concessione di un diritto di sfruttamento, riproduzione, diffusione, trasformazione, distribuzione o trasmissione a loro favore, diverso dal diritto di utilizzo che comporta l&#8217;uso legittimo dei Siti web.<\/p>\n<\/p>\n<\/div>\n<\/div>\n<\/div>\n<\/div>\n<\/div>\n<\/div>\n<\/div>\n<\/div>\n<\/section>\n<section class=\"elementor-section elementor-top-section elementor-element elementor-element-6661610 elementor-section-boxed elementor-section-height-default elementor-section-height-default\" data-id=\"6661610\" data-element_type=\"section\">\n<div class=\"elementor-container elementor-column-gap-default\">\n<div class=\"elementor-row\">\n<div class=\"elementor-column elementor-col-100 elementor-top-column elementor-element elementor-element-1e2ed40\" data-id=\"1e2ed40\" data-element_type=\"column\">\n<div class=\"elementor-column-wrap elementor-element-populated\">\n<div class=\"elementor-widget-wrap\">\n<div class=\"elementor-element elementor-element-468be87 elementor-widget elementor-widget-heading\" data-id=\"468be87\" data-element_type=\"widget\" data-widget_type=\"heading.default\">\n<div class=\"elementor-widget-container\">\n<h2 class=\"elementor-heading-title elementor-size-default\">Contenuto del sito web e link<\/h2>\n<div> <\/div>\n<\/div>\n<\/div>\n<\/div>\n<\/div>\n<\/div>\n<\/div>\n<\/div>\n<\/section>\n<section class=\"elementor-section elementor-top-section elementor-element elementor-element-7bd0ba4 elementor-section-boxed elementor-section-height-default elementor-section-height-default\" data-id=\"7bd0ba4\" data-element_type=\"section\">\n<div class=\"elementor-container elementor-column-gap-default\">\n<div class=\"elementor-row\">\n<div class=\"elementor-column elementor-col-100 elementor-top-column elementor-element elementor-element-116d0e4\" data-id=\"116d0e4\" data-element_type=\"column\">\n<div class=\"elementor-column-wrap elementor-element-populated\">\n<div class=\"elementor-widget-wrap\">\n<div class=\"elementor-element elementor-element-fbfdce2 elementor-widget elementor-widget-text-editor\" data-id=\"fbfdce2\" data-element_type=\"widget\" data-widget_type=\"text-editor.default\">\n<div class=\"elementor-widget-container\">\n<div class=\"elementor-text-editor elementor-clearfix\">\n<p>SERVINFORM, S.A. non \u00e8 responsabile dell&#8217;uso improprio dei contenuti dei Siti web, essendo la responsabilit\u00e0 esclusiva della persona che vi accede o li utilizza.<\/p>\n<p>I proprietari di altri siti web che desiderano creare un collegamento ipertestuale ai Siti web si impegnano a non stabilire link a Siti web in cui non compaia il logo SERVINFORM, S.A., e a non fare dichiarazioni false, imprecise o errate che possano indurre in errore o, in generale, che siano contrarie alla legge.<\/p>\n<p>I proprietari di altri siti web che desiderano creare un collegamento ipertestuale ai Siti web si impegnano, inoltre, a non creare collegamenti ipertestuali a Siti web che contengano contenuti, dichiarazioni o propaganda di carattere razzista, xenofobo, pornografico o terroristico e, in generale, che possano in qualche modo danneggiare il buon nome o l&#8217;immagine di SERVINFORM, S.A.<\/p>\n<p>L&#8217;inserimento di collegamenti ipertestuali sui Siti web non implica necessariamente che SERVINFORM, S.A. intrattenga relazioni commerciali o legami associativi con il proprietario del sito web in cui viene creato il link.<\/p>\n<p>La presenza di collegamenti ipertestuali sui Siti web ha uno scopo puramente informativo, per cui SERVINFORM, S.A. non si assume alcuna responsabilit\u00e0 e non fornisce alcuna garanzia, esplicita o implicita, in merito alla commerciabilit\u00e0, idoneit\u00e0, qualit\u00e0, caratteristiche, origine, commercializzazione o qualsiasi altro aspetto delle informazioni, prodotti e\/o servizi.<\/p>\n<p>L&#8217;esenzione dalla responsabilit\u00e0 stabilita nelle sezioni precedenti non si applica nel caso in cui il fornitore di contenuti a cui viene fornito un link o la cui localizzazione \u00e8 facilitata agisce sotto la direzione, l&#8217;autorit\u00e0 o il controllo del fornitore che facilita la localizzazione di tali contenuti.<\/p>\n<\/p>\n<\/div>\n<\/div>\n<\/div>\n<\/div>\n<\/div>\n<\/div>\n<\/div>\n<\/div>\n<\/section>\n<section class=\"elementor-section elementor-top-section elementor-element elementor-element-f6737fb elementor-section-boxed elementor-section-height-default elementor-section-height-default\" data-id=\"f6737fb\" data-element_type=\"section\">\n<div class=\"elementor-container elementor-column-gap-default\">\n<div class=\"elementor-row\">\n<div class=\"elementor-column elementor-col-100 elementor-top-column elementor-element elementor-element-9279056\" data-id=\"9279056\" data-element_type=\"column\">\n<div class=\"elementor-column-wrap elementor-element-populated\">\n<div class=\"elementor-widget-wrap\">\n<div class=\"elementor-element elementor-element-dedbd97 elementor-widget elementor-widget-heading\" data-id=\"dedbd97\" data-element_type=\"widget\" data-widget_type=\"heading.default\">\n<div class=\"elementor-widget-container\">\n<h2 class=\"elementor-heading-title elementor-size-default\">Dichiarazioni<\/h2>\n<div> <\/div>\n<\/div>\n<\/div>\n<\/div>\n<\/div>\n<\/div>\n<\/div>\n<\/div>\n<\/section>\n<section class=\"elementor-section elementor-top-section elementor-element elementor-element-728ba67 elementor-section-boxed elementor-section-height-default elementor-section-height-default\" data-id=\"728ba67\" data-element_type=\"section\">\n<div class=\"elementor-container elementor-column-gap-default\">\n<div class=\"elementor-row\">\n<div class=\"elementor-column elementor-col-100 elementor-top-column elementor-element elementor-element-837b4d9\" data-id=\"837b4d9\" data-element_type=\"column\">\n<div class=\"elementor-column-wrap elementor-element-populated\">\n<div class=\"elementor-widget-wrap\">\n<div class=\"elementor-element elementor-element-e52384f elementor-widget elementor-widget-text-editor\" data-id=\"e52384f\" data-element_type=\"widget\" data-widget_type=\"text-editor.default\">\n<div class=\"elementor-widget-container\">\n<div class=\"elementor-text-editor elementor-clearfix\">\n<p>SERVINFORM, S.A. dichiara che i propri Siti web sono dotati della tecnologia appropriata per consentire l&#8217;accesso e l&#8217;uso degli stessi. Tuttavia, non si assume alcuna responsabilit\u00e0 per l&#8217;eventuale esistenza di virus o altri elementi dannosi, introdotti con qualsiasi mezzo o da qualsiasi terzo, che possano causare alterazioni ai sistemi informatici.<\/p>\n<p>I Siti web possono contenere inesattezze, omissioni rilevanti, imprecisioni o errori tipografici. SERVINFORM, S.A. non garantisce in alcun caso la veridicit\u00e0, la precisione e l&#8217;attualit\u00e0 dei dati contenuti nei suoi Siti web. L&#8217;utente che accede ai Siti web esonera SERVINFORM, S.A. da qualsiasi responsabilit\u00e0 in relazione all&#8217;affidabilit\u00e0, all&#8217;utilit\u00e0 o alle false aspettative che tali Siti web possono suscitare.<\/p>\n<\/p>\n<\/div>\n<\/div>\n<\/div>\n<\/div>\n<\/div>\n<\/div>\n<\/div>\n<\/div>\n<\/section>\n<section class=\"elementor-section elementor-top-section elementor-element elementor-element-db35e61 elementor-section-boxed elementor-section-height-default elementor-section-height-default\" data-id=\"db35e61\" data-element_type=\"section\">\n<div class=\"elementor-container elementor-column-gap-default\">\n<div class=\"elementor-row\">\n<div class=\"elementor-column elementor-col-100 elementor-top-column elementor-element elementor-element-bfd7596\" data-id=\"bfd7596\" data-element_type=\"column\">\n<div class=\"elementor-column-wrap elementor-element-populated\">\n<div class=\"elementor-widget-wrap\">\n<div class=\"elementor-element elementor-element-617ddf7 elementor-widget elementor-widget-heading\" data-id=\"617ddf7\" data-element_type=\"widget\" data-widget_type=\"heading.default\">\n<div class=\"elementor-widget-container\">\n<h2 class=\"elementor-heading-title elementor-size-default\">Limitazione di responsabilit\u00e0<\/h2>\n<div> <\/div>\n<\/div>\n<\/div>\n<\/div>\n<\/div>\n<\/div>\n<\/div>\n<\/div>\n<\/section>\n<section class=\"elementor-section elementor-top-section elementor-element elementor-element-4af670a elementor-section-boxed elementor-section-height-default elementor-section-height-default\" data-id=\"4af670a\" data-element_type=\"section\">\n<div class=\"elementor-container elementor-column-gap-default\">\n<div class=\"elementor-row\">\n<div class=\"elementor-column elementor-col-100 elementor-top-column elementor-element elementor-element-d95cb9d\" data-id=\"d95cb9d\" data-element_type=\"column\">\n<div class=\"elementor-column-wrap elementor-element-populated\">\n<div class=\"elementor-widget-wrap\">\n<div class=\"elementor-element elementor-element-9f1b401 elementor-widget elementor-widget-text-editor\" data-id=\"9f1b401\" data-element_type=\"widget\" data-widget_type=\"text-editor.default\">\n<div class=\"elementor-widget-container\">\n<div class=\"elementor-text-editor elementor-clearfix\">\n<p>SERVINFORM, S.A. non fornisce garanzie di alcun tipo sul funzionamento dei Siti web o sulle informazioni in essi contenute. SERVINFORM, S.A. non sar\u00e0 responsabile per eventuali perdite o danni di qualsiasi tipo che possa derivare dall&#8217;uso dei Siti web.<\/p>\n<p>SERVINFORM, S.A. esclude ogni responsabilit\u00e0 per la legittimit\u00e0, il contenuto e la qualit\u00e0 dei dati e delle informazioni offerte da terzi attraverso i Siti web.<\/p>\n<\/div>\n<\/div>\n<\/div>\n<\/div>\n<\/div>\n<\/div>\n<\/div>\n<\/div>\n<\/section>\n\t\t\t\t\t\t\t\t<\/div>\n\t\t\t\t<\/div>\n\t\t\t\t\t<\/div>\n\t\t<\/div>\n\t\t\t\t\t<\/div>\n\t\t<\/section>\n\t\t\t\t<\/div>\n\t\t","protected":false},"excerpt":{"rendered":"<p>AVVISO LEGALE DI SERVINFORM, S.A. Il presente avviso legale (di seguito, &#8220;Avviso legale&#8221;) regola l&#8217;uso dei siti web di propriet\u00e0 di SERVINFORM, S.A. (in seguito Siti web) con domicilio sociale in c\/ Manufacturas, 11 Pol\u00edgono Industrial P.I.S.A. C.P. 41927 Mairena del Aljarafe, Siviglia, E-mail sgcorp.servinform@servinform.es, Telefono di contatto +34 95 448 58 00, Numero di [&hellip;]<\/p>\n","protected":false},"author":1,"featured_media":0,"parent":0,"menu_order":0,"comment_status":"closed","ping_status":"closed","template":"elementor_header_footer","meta":{"_acf_changed":false,"footnotes":""},"class_list":["post-4896","page","type-page","status-publish","hentry"],"acf":[],"_links":{"self":[{"href":"https:\/\/www.servinform.es\/it\/wp-json\/wp\/v2\/pages\/4896","targetHints":{"allow":["GET"]}}],"collection":[{"href":"https:\/\/www.servinform.es\/it\/wp-json\/wp\/v2\/pages"}],"about":[{"href":"https:\/\/www.servinform.es\/it\/wp-json\/wp\/v2\/types\/page"}],"author":[{"embeddable":true,"href":"https:\/\/www.servinform.es\/it\/wp-json\/wp\/v2\/users\/1"}],"replies":[{"embeddable":true,"href":"https:\/\/www.servinform.es\/it\/wp-json\/wp\/v2\/comments?post=4896"}],"version-history":[{"count":0,"href":"https:\/\/www.servinform.es\/it\/wp-json\/wp\/v2\/pages\/4896\/revisions"}],"wp:attachment":[{"href":"https:\/\/www.servinform.es\/it\/wp-json\/wp\/v2\/media?parent=4896"}],"curies":[{"name":"wp","href":"https:\/\/api.w.org\/{rel}","templated":true}]}}