{"id":5133,"date":"2021-11-12T10:24:21","date_gmt":"2021-11-12T10:24:21","guid":{"rendered":"https:\/\/servinformsa.wpengine.com\/informativa-sulla-privacy\/"},"modified":"2021-11-12T10:25:41","modified_gmt":"2021-11-12T10:25:41","slug":"informativa-sulla-privacy","status":"publish","type":"page","link":"https:\/\/www.servinform.es\/it\/informativa-sulla-privacy\/","title":{"rendered":"Informativa sulla privacy"},"content":{"rendered":"\t\t<div data-elementor-type=\"wp-page\" data-elementor-id=\"5133\" class=\"elementor elementor-5133 elementor-5076\" data-elementor-post-type=\"page\">\n\t\t\t\t\t\t<section class=\"elementor-section elementor-top-section elementor-element elementor-element-5e85906 elementor-section-boxed elementor-section-height-default elementor-section-height-default\" data-id=\"5e85906\" data-element_type=\"section\" data-e-type=\"section\" data-settings=\"{&quot;jet_parallax_layout_list&quot;:[{&quot;jet_parallax_layout_image&quot;:{&quot;url&quot;:&quot;&quot;,&quot;id&quot;:&quot;&quot;,&quot;size&quot;:&quot;&quot;},&quot;_id&quot;:&quot;6402c8b&quot;,&quot;jet_parallax_layout_image_tablet&quot;:{&quot;url&quot;:&quot;&quot;,&quot;id&quot;:&quot;&quot;,&quot;size&quot;:&quot;&quot;},&quot;jet_parallax_layout_image_mobile&quot;:{&quot;url&quot;:&quot;&quot;,&quot;id&quot;:&quot;&quot;,&quot;size&quot;:&quot;&quot;},&quot;jet_parallax_layout_speed&quot;:{&quot;unit&quot;:&quot;%&quot;,&quot;size&quot;:50,&quot;sizes&quot;:[]},&quot;jet_parallax_layout_type&quot;:&quot;scroll&quot;,&quot;jet_parallax_layout_direction&quot;:null,&quot;jet_parallax_layout_fx_direction&quot;:null,&quot;jet_parallax_layout_z_index&quot;:&quot;&quot;,&quot;jet_parallax_layout_bg_x&quot;:50,&quot;jet_parallax_layout_bg_x_tablet&quot;:&quot;&quot;,&quot;jet_parallax_layout_bg_x_mobile&quot;:&quot;&quot;,&quot;jet_parallax_layout_bg_y&quot;:50,&quot;jet_parallax_layout_bg_y_tablet&quot;:&quot;&quot;,&quot;jet_parallax_layout_bg_y_mobile&quot;:&quot;&quot;,&quot;jet_parallax_layout_bg_size&quot;:&quot;auto&quot;,&quot;jet_parallax_layout_bg_size_tablet&quot;:&quot;&quot;,&quot;jet_parallax_layout_bg_size_mobile&quot;:&quot;&quot;,&quot;jet_parallax_layout_animation_prop&quot;:&quot;transform&quot;,&quot;jet_parallax_layout_on&quot;:[&quot;desktop&quot;,&quot;tablet&quot;]}]}\">\n\t\t\t\t\t\t<div class=\"elementor-container elementor-column-gap-default\">\n\t\t\t\t\t<div class=\"elementor-column elementor-col-100 elementor-top-column elementor-element elementor-element-ddbbec9\" data-id=\"ddbbec9\" data-element_type=\"column\" data-e-type=\"column\">\n\t\t\t<div class=\"elementor-widget-wrap elementor-element-populated\">\n\t\t\t\t\t\t<div class=\"elementor-element elementor-element-ab88f85 elementor-widget elementor-widget-heading\" data-id=\"ab88f85\" data-element_type=\"widget\" data-e-type=\"widget\" data-widget_type=\"heading.default\">\n\t\t\t\t<div class=\"elementor-widget-container\">\n\t\t\t\t\t<h2 class=\"elementor-heading-title elementor-size-default\">INFORMATIVA SULLA PRIVACY<\/h2>\t\t\t\t<\/div>\n\t\t\t\t<\/div>\n\t\t\t\t<div class=\"elementor-element elementor-element-f747ab0 elementor-widget elementor-widget-text-editor\" data-id=\"f747ab0\" data-element_type=\"widget\" data-e-type=\"widget\" data-widget_type=\"text-editor.default\">\n\t\t\t\t<div class=\"elementor-widget-container\">\n\t\t\t\t\t\t\t\t\t<section class=\"elementor-section elementor-top-section elementor-element elementor-element-fda6d14 elementor-section-boxed elementor-section-height-default elementor-section-height-default\" data-id=\"fda6d14\" data-element_type=\"section\"><div class=\"elementor-container elementor-column-gap-default\"><div class=\"elementor-row\"><div class=\"elementor-column elementor-col-100 elementor-top-column elementor-element elementor-element-811a105\" data-id=\"811a105\" data-element_type=\"column\"><div class=\"elementor-column-wrap elementor-element-populated\"><div class=\"elementor-widget-wrap\"><div class=\"elementor-element elementor-element-5fca624 elementor-widget elementor-widget-text-editor\" data-id=\"5fca624\" data-element_type=\"widget\" data-widget_type=\"text-editor.default\"><div class=\"elementor-widget-container\"><div class=\"elementor-text-editor elementor-clearfix\"><section class=\"elementor-section elementor-top-section elementor-element elementor-element-7bf95608 elementor-section-boxed elementor-section-height-default elementor-section-height-default\" data-id=\"7bf95608\" data-element_type=\"section\"><div class=\"elementor-container elementor-column-gap-default\"><div class=\"elementor-row\"><div class=\"elementor-column elementor-col-100 elementor-top-column elementor-element elementor-element-1cac4fa9\" data-id=\"1cac4fa9\" data-element_type=\"column\"><div class=\"elementor-column-wrap elementor-element-populated\"><div class=\"elementor-widget-wrap\"><div class=\"elementor-element elementor-element-3bef6480 elementor-widget elementor-widget-text-editor\" data-id=\"3bef6480\" data-element_type=\"widget\" data-widget_type=\"text-editor.default\"><div class=\"elementor-widget-container\"><div class=\"elementor-text-editor elementor-clearfix\"><p><strong>Data ultimo aggiornamento: 12\/11\/2020<\/strong><\/p><\/div><\/div><\/div><\/div><\/div><\/div><\/div><\/div><\/section><section class=\"elementor-section elementor-top-section elementor-element elementor-element-1e0d496 elementor-section-boxed elementor-section-height-default elementor-section-height-default\" data-id=\"1e0d496\" data-element_type=\"section\"><div class=\"elementor-container elementor-column-gap-default\"><div class=\"elementor-row\"><div class=\"elementor-column elementor-col-100 elementor-top-column elementor-element elementor-element-005ed20\" data-id=\"005ed20\" data-element_type=\"column\"><div class=\"elementor-column-wrap elementor-element-populated\"><div class=\"elementor-widget-wrap\"><div class=\"elementor-element elementor-element-8fb8eb2 elementor-widget elementor-widget-text-editor\" data-id=\"8fb8eb2\" data-element_type=\"widget\" data-widget_type=\"text-editor.default\"><div class=\"elementor-widget-container\"><div class=\"elementor-text-editor elementor-clearfix\"><p>Attraverso questo avviso, la societ\u00e0 SERVINFORM, S.A. con sede in Calle Manufacturas, 11 \u2013 Parque Industrial PISA \u2013 41927 Mairena del Aljarafe (Siviglia) e con indirizzo e-mail protecciondedatos@servinform.es, informa gli utenti dei suoi siti web sulla sua politica di protezione dei dati personali in modo che gli utenti possano determinare liberamente e volontariamente se desiderano fornire SERVINFORM,\u00a0 S.A. i Dati Personali che possono essere richiesti o che possono essere ottenuti dagli Utenti in occasione dell&#8217;iscrizione o della registrazione ad alcuni dei servizi offerti da SERVINFORM, S.A. nel Portale o attraverso il Portale. SERVINFORM, S.A. si riserva il diritto di modificare questa politica per adattarla alla nuova legislazione o giurisprudenza, nonch\u00e9 alle pratiche del settore. In tali casi, SERVINFORM, S.A. annuncer\u00e0 su questa pagina le modifiche introdotte con ragionevole anticipazione della loro attuazione.<\/p><h2><em>Registrazione di file e moduli<\/em><\/h2><h5><em>Sezione Contatti:<\/em><em><br \/><\/em><em>Ulteriori informazioni sulla protezione dei dati<\/em><\/h5><p><strong>Chi \u00e8 responsabile del trattamento dei tuoi dati?<\/strong><\/p><p>Identit\u00e0: SERVINFORM, S.A. \u2013 CIF: A41050980<\/p><p>Dir. postal: Calle Manufacturas, 11 \u2013 Parque Industrial PISA \u2013 41927 Mairena del Aljarafe (Sevilla)<\/p><p>Telefono: 95 448 58 00<\/p><p>E-mail: sgcorp.servinform@servinform.es<\/p><p>Responsabile della protezione dei dati: ASC\u00c8NDIA REINGENIERIA Y CONSULTING, S.L.<\/p><p>Contatta DPD.: protecciondedatos@servinform.es<\/p><p><strong>\u00a0<\/strong><\/p><p><strong>Per quale scopo trattiamo i tuoi dati personali?<\/strong><\/p><p>Elaboriamo i tuoi dati per rispondere alla tua richiesta\/ richiesta e gestire il tipo di rapporto che hai con noi. I tuoi dati di contatto saranno conservati finch\u00e9 manterrai il tuo consenso per questo scopo. Non verranno prese decisioni individuali automatizzate o verranno elaborati profili.<\/p><p><strong>\u00a0<\/strong><\/p><p><strong>Qual \u00e8 la legittimit\u00e0 del trattamento dei tuoi dati?<\/strong><\/p><p>Elaboriamo i tuoi dati personali in base al tuo consenso per rispondere alla tua richiesta o richiesta. In caso di non conferimento dei Suoi dati, sarebbe impossibile instaurare qualsiasi rapporto commerciale tra le parti.<\/p><p><strong>\u00a0<\/strong><\/p><p><strong>A quali destinatari saranno comunicati i tuoi dati?<\/strong><\/p><p>Non verranno effettuati trasferimenti dei tuoi dati. Non avranno luogo trasferimenti internazionali di dati.<\/p><p>\u00a0<\/p><p><em><strong>Sezione Lavora con noi:<\/strong><\/em><\/p><p><strong>(Ulteriori informazioni sulla protezione dei dati)<\/strong><\/p><p><strong>\u00a0\u00bfQui\u00e9n es el Responsable del tratamiento de sus datos?<\/strong><\/p><p>Identit\u00e0: SERVINFORM, S.A. \u2013 CIF: A41050980<\/p><p>Indirizzo postale: c\/ Manufactura, 11 Pol\u00edgono Industrial P.I.S.A.C.P. 41927 Mairena del Aljarafe, Siviglia.<\/p><p>Telefono: 95 448 58 00<\/p><p>E-mail: sgcorp.servinform@servinform.es<\/p><p>Responsabile della protezione dei dati: ASC\u00c8NDIA REINGENIERIA Y CONSULTING, S.L.<\/p><p>Contatta DPD.: protecciondedatos@servinform.es<\/p><p><strong>\u00a0<\/strong><\/p><p><strong>Per quale scopo trattiamo i tuoi dati personali?<\/strong><\/p><p>Trattiamo i tuoi dati per creare un database di candidati che scelgono di coprire posizioni vacanti in azienda (Servinform) e in societ\u00e0 di sua propriet\u00e0, e i profili curriculari saranno preparati in base alle informazioni da te fornite, per adattare il tuo profilo alle caratteristiche delle posizioni vacanti.<\/p><p>I tuoi dati curriculari saranno conservati finch\u00e9 manterrai il tuo consenso per questo scopo. Non verranno prese decisioni individuali automatizzate.<\/p><p>\u00a0<\/p><p><strong>Qual \u00e8 la legittimit\u00e0 del trattamento dei tuoi dati?<\/strong><\/p><p>Trattiamo i tuoi dati personali in base al tuo consenso per includere i tuoi dati curriculari in un database di candidati che scelgono di coprire le posizioni vacanti nell&#8217;entit\u00e0.<\/p><p>Se non fornisci i tuoi dati, sarebbe impossibile farti partecipare a futuri processi di selezione del personale.<\/p><p>\u00a0<\/p><p><strong>A quali destinatari saranno comunicati i tuoi dati?<\/strong><\/p><p>I Suoi dati non saranno comunicati a terzi, se non ad altre societ\u00e0 del Gruppo o di propriet\u00e0 di Servinform.<\/p><p>La comunicazione dei dati sar\u00e0 effettuata garantendo le misure di sicurezza previste dalla normativa vigente in materia di Protezione dei Dati Personali attraverso strumenti software gestionali e ai sensi delle politiche di protezione dei dati personali emanate da SERVINFORM.<\/p><p>Non avranno luogo trasferimenti internazionali di dati.<\/p><p>\u00a0<\/p><p>SERVINFORM, S.A. fornisce agli Utenti le risorse tecniche appropriate in modo che, in anticipo, possano accedere alla presente informativa sulla Privacy Policy o a qualsiasi altra informazione pertinente e possano dare il loro consenso in modo che SERVINFORM, S.A. proceda al trattamento automatizzato dei loro Dati Personali. Salvo nei campi ove diversamente indicato, le risposte alle domande sui Dati Personali sono volontarie, senza che la mancata risposta implichi una diminuzione della qualit\u00e0 o della quantit\u00e0 dei servizi corrispondenti, salvo diversa indicazione.<\/p><p><strong>Scopi<\/strong><\/p><p>Lo scopo per il quale verranno utilizzati i dati personali da Lei forniti \u00e8 chiaramente definito nella sezione precedente per ciascuna delle nostre sezioni suscettibili di raccolta dei dati.<\/p><p><strong>Esercizio dei diritti<\/strong><\/p><p>Gli interessati hanno il diritto di ottenere la conferma che stiamo trattando o meno dati personali che li riguardano.<\/p><p>Le persone interessate hanno il diritto di accedere ai propri dati personali, nonch\u00e9 di richiedere la rettifica dei dati inesatti o, se del caso, richiederne la cancellazione quando, tra le altre ragioni, i dati non sono pi\u00f9 necessari per gli scopi per i quali sono stati raccolti.<\/p><p>Gli interessati hanno il diritto di revocare o revocare il consenso prestato per il trattamento dei propri dati per finalit\u00e0 specifiche in qualsiasi momento.<\/p><p>In determinate circostanze e per motivi legati alla loro situazione particolare, le persone interessate possono opporsi al trattamento dei loro dati o di parte di essi, nel qual caso interromperemo il trattamento dei dati, ad eccezione del rispetto di un obbligo legale.<\/p><p>In determinate circostanze, le persone interessate possono richiedere la limitazione del trattamento dei loro dati, nel qual caso li conserveremo solo per l&#8217;esercizio o la difesa di reclami e per l&#8217;adempimento di qualsiasi obbligo legale.<\/p><p>In determinate circostanze (quando il trattamento \u00e8 effettuato con mezzi automatizzati e questo si basa sul consenso degli interessati), gli interessati possono richiedere la portabilit\u00e0 dei propri dati in modo che vengano trasmessi a un altro responsabile.<\/p><p>In determinate circostanze (in cui la base della legittimit\u00e0 \u00e8 l&#8217;esecuzione di un contratto o il consenso dell&#8217;interessato) gli interessati possono richiedere il loro diritto di non essere soggetti a una decisione basata esclusivamente sul trattamento automatizzato, compresa la profilazione, che mi d\u00e0 effetti giuridici o mi riguarda in modo analogo in modo significativo.<\/p><p>Gli interessati possono esercitare i propri diritti scrivendo al Titolare del trattamento all&#8217;indirizzo Calle Manufacturas, 11 \u2013 Parque Industrial PISA \u2013 41927 Mairena del Aljarafe (Siviglia), protecciondedatos@servinform.es, e possono ottenere modelli per questo esercizio in www.aepd.es.<\/p><p>Le persone interessate hanno la possibilit\u00e0 di presentare un reclamo quando non hanno ottenuto soddisfazione nell&#8217;esercizio dei loro diritti dinanzi all&#8217;Agenzia spagnola per la protezione dei dati (www.aepd.es). Allo stesso modo, le persone interessate possono ottenere ulteriori informazioni sui loro diritti contattando l&#8217;Agenzia spagnola per la protezione dei dati (www.aepd.es).<\/p><p><strong>Accuratezza e veridicit\u00e0 dei dati forniti<\/strong><\/p><p>Gli utenti garantiscono e sono responsabili, in ogni caso, dell&#8217;esattezza, della validit\u00e0 e dell&#8217;autenticit\u00e0 dei dati personali forniti, e si impegnano a mantenerli debitamente aggiornati.<\/p><p>SERVINFORM, S.A. non \u00e8 responsabile per la veridicit\u00e0 delle informazioni che non sono di propria elaborazione e di cui \u00e8 indicata un&#8217;altra fonte, quindi non si assume alcuna responsabilit\u00e0 in termini di danni ipotetici che potrebbero derivare dall&#8217;uso di tali informazioni.<\/p><p>SERVINFORM, S.A. si riserva il diritto di aggiornare, modificare o cancellare le informazioni contenute nelle sue pagine web e pu\u00f2 anche limitare o non consentire l&#8217;accesso a tali informazioni.<\/p><p>SERVINFORM, S.A. \u00e8 esonerata dalla responsabilit\u00e0 per qualsiasi perdita o danno che l&#8217;Utente possa subire a causa di errori, difetti o omissioni, nelle informazioni fornite da SERVINFORM, S.A. a condizione che provengano da fonti esterne a SERVINFORM, S.A.<\/p><p><strong>Biscotti<\/strong><\/p><p>In conformit\u00e0 con la legge 34\/2002, dell&#8217;11 luglio, Servizi della societ\u00e0 dell&#8217;informazione e del commercio elettronico, vi informiamo che questo sito \u00e8 https:\/\/www.servinform.es di propriet\u00e0 di SERVINFORM, S.A.<\/p><p>\u00c8 possibile accedere all&#8217;informativa dettagliata sull&#8217;utilizzo dei Cookie nella <a href=\"https:\/\/www.servinform.es\/politica-de-cookies\/\">sezione Cookies Policy.<\/a><\/p><p><strong>Misure di sicurezza<\/strong><\/p><p>SERVINFORM, S.A. ha adottato i livelli e le misure di sicurezza per la protezione dei dati personali installando nei propri sistemi e file le misure tecniche necessarie per garantire il trattamento riservato dei dati, evitarne la perdita, l&#8217;alterazione e l&#8217;accesso non autorizzato.<\/p><p><strong>Accettazione e consenso<\/strong><\/p><p>L&#8217;Utente dichiara di essere stato informato delle condizioni in materia di protezione dei dati personali, accettando e acconsentendo al trattamento automatizzato degli stessi da parte di SERVINFORM, S.A. per le modalit\u00e0 e per le finalit\u00e0 indicate nella clausola informativa presente in ciascuna delle sezioni in cui i dati personali possono essere raccolti<\/p><\/div><\/div><\/div><\/div><\/div><\/div><\/div><\/div><\/section><\/div><\/div><\/div><\/div><\/div><\/div><\/div><\/div><\/section>\t\t\t\t\t\t\t\t<\/div>\n\t\t\t\t<\/div>\n\t\t\t\t\t<\/div>\n\t\t<\/div>\n\t\t\t\t\t<\/div>\n\t\t<\/section>\n\t\t\t\t<\/div>\n\t\t","protected":false},"excerpt":{"rendered":"<p>INFORMATIVA SULLA PRIVACY Data ultimo aggiornamento: 12\/11\/2020 Attraverso questo avviso, la societ\u00e0 SERVINFORM, S.A. con sede in Calle Manufacturas, 11 \u2013 Parque Industrial PISA \u2013 41927 Mairena del Aljarafe (Siviglia) e con indirizzo e-mail protecciondedatos@servinform.es, informa gli utenti dei suoi siti web sulla sua politica di protezione dei dati personali in modo che gli utenti [&hellip;]<\/p>\n","protected":false},"author":1,"featured_media":0,"parent":0,"menu_order":0,"comment_status":"closed","ping_status":"closed","template":"elementor_header_footer","meta":{"_acf_changed":false,"footnotes":""},"class_list":["post-5133","page","type-page","status-publish","hentry"],"acf":[],"_links":{"self":[{"href":"https:\/\/www.servinform.es\/it\/wp-json\/wp\/v2\/pages\/5133","targetHints":{"allow":["GET"]}}],"collection":[{"href":"https:\/\/www.servinform.es\/it\/wp-json\/wp\/v2\/pages"}],"about":[{"href":"https:\/\/www.servinform.es\/it\/wp-json\/wp\/v2\/types\/page"}],"author":[{"embeddable":true,"href":"https:\/\/www.servinform.es\/it\/wp-json\/wp\/v2\/users\/1"}],"replies":[{"embeddable":true,"href":"https:\/\/www.servinform.es\/it\/wp-json\/wp\/v2\/comments?post=5133"}],"version-history":[{"count":0,"href":"https:\/\/www.servinform.es\/it\/wp-json\/wp\/v2\/pages\/5133\/revisions"}],"wp:attachment":[{"href":"https:\/\/www.servinform.es\/it\/wp-json\/wp\/v2\/media?parent=5133"}],"curies":[{"name":"wp","href":"https:\/\/api.w.org\/{rel}","templated":true}]}}