{"id":4897,"date":"2021-11-08T08:37:47","date_gmt":"2021-11-08T08:37:47","guid":{"rendered":"https:\/\/servinformsa.wpengine.com\/aviso-legal\/"},"modified":"2021-11-08T08:37:47","modified_gmt":"2021-11-08T08:37:47","slug":"aviso-legal","status":"publish","type":"page","link":"https:\/\/www.servinform.es\/pt-pt\/aviso-legal\/","title":{"rendered":"Aviso legal"},"content":{"rendered":"\t\t<div data-elementor-type=\"wp-page\" data-elementor-id=\"4897\" class=\"elementor elementor-4897 elementor-3383\" data-elementor-post-type=\"page\">\n\t\t\t\t\t\t<section class=\"elementor-section elementor-top-section elementor-element elementor-element-1b317e2 elementor-section-boxed elementor-section-height-default elementor-section-height-default\" data-id=\"1b317e2\" data-element_type=\"section\" data-e-type=\"section\" data-settings=\"{&quot;jet_parallax_layout_list&quot;:[{&quot;jet_parallax_layout_image&quot;:{&quot;url&quot;:&quot;&quot;,&quot;id&quot;:&quot;&quot;,&quot;size&quot;:&quot;&quot;},&quot;_id&quot;:&quot;899638e&quot;,&quot;jet_parallax_layout_image_tablet&quot;:{&quot;url&quot;:&quot;&quot;,&quot;id&quot;:&quot;&quot;,&quot;size&quot;:&quot;&quot;},&quot;jet_parallax_layout_image_mobile&quot;:{&quot;url&quot;:&quot;&quot;,&quot;id&quot;:&quot;&quot;,&quot;size&quot;:&quot;&quot;},&quot;jet_parallax_layout_speed&quot;:{&quot;unit&quot;:&quot;%&quot;,&quot;size&quot;:50,&quot;sizes&quot;:[]},&quot;jet_parallax_layout_type&quot;:&quot;scroll&quot;,&quot;jet_parallax_layout_direction&quot;:null,&quot;jet_parallax_layout_fx_direction&quot;:null,&quot;jet_parallax_layout_z_index&quot;:&quot;&quot;,&quot;jet_parallax_layout_bg_x&quot;:50,&quot;jet_parallax_layout_bg_x_tablet&quot;:&quot;&quot;,&quot;jet_parallax_layout_bg_x_mobile&quot;:&quot;&quot;,&quot;jet_parallax_layout_bg_y&quot;:50,&quot;jet_parallax_layout_bg_y_tablet&quot;:&quot;&quot;,&quot;jet_parallax_layout_bg_y_mobile&quot;:&quot;&quot;,&quot;jet_parallax_layout_bg_size&quot;:&quot;auto&quot;,&quot;jet_parallax_layout_bg_size_tablet&quot;:&quot;&quot;,&quot;jet_parallax_layout_bg_size_mobile&quot;:&quot;&quot;,&quot;jet_parallax_layout_animation_prop&quot;:&quot;transform&quot;,&quot;jet_parallax_layout_on&quot;:[&quot;desktop&quot;,&quot;tablet&quot;]}]}\">\n\t\t\t\t\t\t<div class=\"elementor-container elementor-column-gap-default\">\n\t\t\t\t\t<div class=\"elementor-column elementor-col-100 elementor-top-column elementor-element elementor-element-5f89679\" data-id=\"5f89679\" data-element_type=\"column\" data-e-type=\"column\">\n\t\t\t<div class=\"elementor-widget-wrap elementor-element-populated\">\n\t\t\t\t\t\t<div class=\"elementor-element elementor-element-018e2c0 elementor-widget elementor-widget-heading\" data-id=\"018e2c0\" data-element_type=\"widget\" data-e-type=\"widget\" data-widget_type=\"heading.default\">\n\t\t\t\t<div class=\"elementor-widget-container\">\n\t\t\t\t\t<h2 class=\"elementor-heading-title elementor-size-default\">AVISO LEGAL DA SERVINFORM, S.A.<\/h2>\t\t\t\t<\/div>\n\t\t\t\t<\/div>\n\t\t\t\t<div class=\"elementor-element elementor-element-5cd2d91 elementor-widget elementor-widget-text-editor\" data-id=\"5cd2d91\" data-element_type=\"widget\" data-e-type=\"widget\" data-widget_type=\"text-editor.default\">\n\t\t\t\t<div class=\"elementor-widget-container\">\n\t\t\t\t\t\t\t\t\t<section class=\"elementor-section elementor-top-section elementor-element elementor-element-357fbac5 elementor-section-boxed elementor-section-height-default elementor-section-height-default\" data-id=\"357fbac5\" data-element_type=\"section\">\n<div class=\"elementor-container elementor-column-gap-no\">\n<div class=\"elementor-row\">\n<div class=\"elementor-column elementor-col-100 elementor-top-column elementor-element elementor-element-23dd6a1e\" data-id=\"23dd6a1e\" data-element_type=\"column\">\n<div class=\"elementor-column-wrap elementor-element-populated\">\n<div class=\"elementor-widget-wrap\">\n<div class=\"elementor-element elementor-element-7310ea5c elementor-widget elementor-widget-heading\" data-id=\"7310ea5c\" data-element_type=\"widget\" data-widget_type=\"heading.default\">\n<div class=\"elementor-widget-container\">\n<h2 class=\"elementor-heading-title elementor-size-default\"> <\/h2>\n<\/div>\n<\/div>\n<\/div>\n<\/div>\n<\/div>\n<\/div>\n<\/div>\n<\/section>\n<section class=\"elementor-section elementor-top-section elementor-element elementor-element-7bf95608 elementor-section-boxed elementor-section-height-default elementor-section-height-default\" data-id=\"7bf95608\" data-element_type=\"section\">\n<div class=\"elementor-container elementor-column-gap-default\">\n<div class=\"elementor-row\">\n<div class=\"elementor-column elementor-col-100 elementor-top-column elementor-element elementor-element-1cac4fa9\" data-id=\"1cac4fa9\" data-element_type=\"column\">\n<div class=\"elementor-column-wrap elementor-element-populated\">\n<div class=\"elementor-widget-wrap\">\n<div class=\"elementor-element elementor-element-3bef6480 elementor-widget elementor-widget-text-editor\" data-id=\"3bef6480\" data-element_type=\"widget\" data-widget_type=\"text-editor.default\">\n<div class=\"elementor-widget-container\">\n<div class=\"elementor-text-editor elementor-clearfix\">\n<p>O presente aviso legal (doravante, o \u201cAviso Legal\u201d) regula a utiliza\u00e7\u00e3o das p\u00e1ginas web titularidade da SERVINFORM, S.A. (Doravante, P\u00e1ginas Web) com domic\u00edlio social em c\/ Manufacturas, 11 Pol\u00edgono Industrial P.I.S.A. C.P. 41927 Mairena del Aljarafe, Sevilha, Endere\u00e7o de correio eletr\u00f3nico sgcorp.servinform@servinform.es, telefone de contacto 95 448 58 00, N\u00famero de identifica\u00e7\u00e3o fiscal A41050980 e dados de Inscri\u00e7\u00e3o no Registo Comercial: Tomo 1400, p\u00e1gina 110, Folha SE-3864.<\/p>\n<\/div>\n<\/div>\n<\/div>\n<\/div>\n<\/div>\n<\/div>\n<\/div>\n<\/div>\n<\/section>\n<section class=\"elementor-section elementor-top-section elementor-element elementor-element-c6f39a9 elementor-section-boxed elementor-section-height-default elementor-section-height-default\" data-id=\"c6f39a9\" data-element_type=\"section\">\n<div class=\"elementor-container elementor-column-gap-no\">\n<div class=\"elementor-row\">\n<div class=\"elementor-column elementor-col-100 elementor-top-column elementor-element elementor-element-4b3a340\" data-id=\"4b3a340\" data-element_type=\"column\">\n<div class=\"elementor-column-wrap elementor-element-populated\">\n<div class=\"elementor-widget-wrap\">\n<div class=\"elementor-element elementor-element-41a9f39 elementor-widget elementor-widget-heading\" data-id=\"41a9f39\" data-element_type=\"widget\" data-widget_type=\"heading.default\">\n<div class=\"elementor-widget-container\">\n<h2 class=\"elementor-heading-title elementor-size-default\">Legisla\u00e7\u00e3o<\/h2>\n<div> <\/div>\n<\/div>\n<\/div>\n<\/div>\n<\/div>\n<\/div>\n<\/div>\n<\/div>\n<\/section>\n<section class=\"elementor-section elementor-top-section elementor-element elementor-element-1e0d496 elementor-section-boxed elementor-section-height-default elementor-section-height-default\" data-id=\"1e0d496\" data-element_type=\"section\">\n<div class=\"elementor-container elementor-column-gap-default\">\n<div class=\"elementor-row\">\n<div class=\"elementor-column elementor-col-100 elementor-top-column elementor-element elementor-element-005ed20\" data-id=\"005ed20\" data-element_type=\"column\">\n<div class=\"elementor-column-wrap elementor-element-populated\">\n<div class=\"elementor-widget-wrap\">\n<div class=\"elementor-element elementor-element-8fb8eb2 elementor-widget elementor-widget-text-editor\" data-id=\"8fb8eb2\" data-element_type=\"widget\" data-widget_type=\"text-editor.default\">\n<div class=\"elementor-widget-container\">\n<div class=\"elementor-text-editor elementor-clearfix\">\n<p>Assim, a utiliza\u00e7\u00e3o das p\u00e1ginas web encontra-se submetida igualmente a todos os avisos, regulamentos de utiliza\u00e7\u00e3o e instru\u00e7\u00f5es, com conhecimento do Utilizador pelo que substituem, completam e\/ou modificam o presente Aviso Legal.<\/p>\n<p>Com car\u00e1ter geral, as rela\u00e7\u00f5es entre a SERVINFORM, S.A. Com os utilizadores dos seus servi\u00e7os telem\u00e1ticos, presentes nas p\u00e1ginas web, encontram-se submetidas \u00e0 legisla\u00e7\u00e3o e jurisdi\u00e7\u00e3o espanholas.<\/p>\n<p>Para qualquer quest\u00e3o litigiosa, ambas as partes a SERVINFORM, S.A. E o UTILIZADOR, com ren\u00fancia expressa a qualquer outro foro que possa corresponder, submetem-se \u00e0 jurisdi\u00e7\u00e3o e compet\u00eancia exclusiva dos Julgados e Tribunais de Sevilha (Espanha).<\/p>\n<p>Tamb\u00e9m poder\u00e3o submeter os seus conflitos \u00e0 arbitragem de consumo, mediante a ades\u00e3o das mesmas ao Sistema Arbitral de Consumo competente que se prestar\u00e1 tamb\u00e9m por via eletr\u00f3nica, conforme o procedimento estabelecido de forma regulamentar.<\/p>\n<\/p>\n<\/div>\n<\/div>\n<\/div>\n<\/div>\n<\/div>\n<\/div>\n<\/div>\n<\/div>\n<\/section>\n<section class=\"elementor-section elementor-top-section elementor-element elementor-element-00d82e2 elementor-section-boxed elementor-section-height-default elementor-section-height-default\" data-id=\"00d82e2\" data-element_type=\"section\">\n<div class=\"elementor-container elementor-column-gap-default\">\n<div class=\"elementor-row\">\n<div class=\"elementor-column elementor-col-100 elementor-top-column elementor-element elementor-element-9b5e634\" data-id=\"9b5e634\" data-element_type=\"column\">\n<div class=\"elementor-column-wrap elementor-element-populated\">\n<div class=\"elementor-widget-wrap\">\n<div class=\"elementor-element elementor-element-9afec40 elementor-widget elementor-widget-heading\" data-id=\"9afec40\" data-element_type=\"widget\" data-widget_type=\"heading.default\">\n<div class=\"elementor-widget-container\">\n<h2 class=\"elementor-heading-title elementor-size-default\">Utiliza\u00e7\u00e3o e acesso de utilizadores<\/h2>\n<div> <\/div>\n<\/div>\n<\/div>\n<\/div>\n<\/div>\n<\/div>\n<\/div>\n<\/div>\n<\/section>\n<section class=\"elementor-section elementor-top-section elementor-element elementor-element-18c8e90 elementor-section-boxed elementor-section-height-default elementor-section-height-default\" data-id=\"18c8e90\" data-element_type=\"section\">\n<div class=\"elementor-container elementor-column-gap-default\">\n<div class=\"elementor-row\">\n<div class=\"elementor-column elementor-col-100 elementor-top-column elementor-element elementor-element-ba33854\" data-id=\"ba33854\" data-element_type=\"column\">\n<div class=\"elementor-column-wrap elementor-element-populated\">\n<div class=\"elementor-widget-wrap\">\n<div class=\"elementor-element elementor-element-f95bd26 elementor-widget elementor-widget-text-editor\" data-id=\"f95bd26\" data-element_type=\"widget\" data-widget_type=\"text-editor.default\">\n<div class=\"elementor-widget-container\">\n<div class=\"elementor-text-editor elementor-clearfix\">\n<p>O utilizador fica informado, e aceita, que o acesso \u00e0s P\u00e1ginas Web n\u00e3o pressup\u00f5e, de modo algum, o in\u00edcio de uma rela\u00e7\u00e3o comercial com a SERVINFORM, S.A.<\/p>\n<p>A SERVINFORM, S.A. Reserva-se o direito a efetuar, sem aviso pr\u00e9vio, as modifica\u00e7\u00f5es que considere oportunas nas suas p\u00e1ginas web, podendo alterar, suprimir ou adicionar tanto os conte\u00fados e servi\u00e7os que sejam prestados atrav\u00e9s da mesma como a forma em que estes apare\u00e7am apresentados ou localizados nos seus servidores.<\/p>\n<\/p>\n<\/div>\n<\/div>\n<\/div>\n<\/div>\n<\/div>\n<\/div>\n<\/div>\n<\/div>\n<\/section>\n<section class=\"elementor-section elementor-top-section elementor-element elementor-element-fb8d9c6 elementor-section-boxed elementor-section-height-default elementor-section-height-default\" data-id=\"fb8d9c6\" data-element_type=\"section\">\n<div class=\"elementor-container elementor-column-gap-default\">\n<div class=\"elementor-row\">\n<div class=\"elementor-column elementor-col-100 elementor-top-column elementor-element elementor-element-c117401\" data-id=\"c117401\" data-element_type=\"column\">\n<div class=\"elementor-column-wrap elementor-element-populated\">\n<div class=\"elementor-widget-wrap\">\n<div class=\"elementor-element elementor-element-9af8f94 elementor-widget elementor-widget-heading\" data-id=\"9af8f94\" data-element_type=\"widget\" data-widget_type=\"heading.default\">\n<div class=\"elementor-widget-container\">\n<h2 class=\"elementor-heading-title elementor-size-default\">Propriedade intelectual e industrial<\/h2>\n<div> <\/div>\n<\/div>\n<\/div>\n<\/div>\n<\/div>\n<\/div>\n<\/div>\n<\/div>\n<\/section>\n<section class=\"elementor-section elementor-top-section elementor-element elementor-element-47309a3 elementor-section-boxed elementor-section-height-default elementor-section-height-default\" data-id=\"47309a3\" data-element_type=\"section\">\n<div class=\"elementor-container elementor-column-gap-default\">\n<div class=\"elementor-row\">\n<div class=\"elementor-column elementor-col-100 elementor-top-column elementor-element elementor-element-3c726a5\" data-id=\"3c726a5\" data-element_type=\"column\">\n<div class=\"elementor-column-wrap elementor-element-populated\">\n<div class=\"elementor-widget-wrap\">\n<div class=\"elementor-element elementor-element-ebf225e elementor-widget elementor-widget-text-editor\" data-id=\"ebf225e\" data-element_type=\"widget\" data-widget_type=\"text-editor.default\">\n<div class=\"elementor-widget-container\">\n<div class=\"elementor-text-editor elementor-clearfix\">\n<p>Todos os conte\u00fados das p\u00e1ginas web (incluindo, sem car\u00e1ter limitativo, bases de dados, imagens e fotografias, desenhos, gr\u00e1ficos e ficheiros de texto) s\u00e3o propriedade da SERVINFORM, S.A. Ou dos fornecedores de conte\u00fados, tendo sido, neste \u00faltimo caso, objeto de licen\u00e7a ou cess\u00e3o por parte dos mesmos, e est\u00e3o protegidos pelas normas nacionais ou internacionais de propriedade intelectual. A recolha, design, ordena\u00e7\u00e3o e montagem de todos os conte\u00fados das P\u00e1ginas Web \u00e9 propriedade exclusiva da SERVINFORM, S.A. E encontra-se protegida pelas normais nacionais e internacionais de propriedade industrial e intelectual.<\/p>\n<p>As marcas, r\u00f3tulos, sinais distintivos ou log\u00f3tipos das p\u00e1ginas web s\u00e3o titularidade da SERVINFORM, S.A. E est\u00e3o devidamente registados.<\/p>\n<p>Os textos, dados e desenhos gr\u00e1ficos s\u00e3o propriedade da SERVINFORM, S.A. ou das entidades prestadores de informa\u00e7\u00e3o, n\u00e3o podendo ser objeto de posterior modifica\u00e7\u00e3o, c\u00f3pia, transforma\u00e7\u00e3o, altera\u00e7\u00e3o, reprodu\u00e7\u00e3o, adapta\u00e7\u00e3o ou tradu\u00e7\u00e3o por parte de terceiros, sem a expressa autoriza\u00e7\u00e3o por parte do titular de ditos conte\u00fados. A coloca\u00e7\u00e3o \u00e0 disposi\u00e7\u00e3o dos textos, dados e desenhos gr\u00e1ficos n\u00e3o implica, em caso algum, a cess\u00e3o da sua titularidade ou a concess\u00e3o de um direito de explora\u00e7\u00e3o, reprodu\u00e7\u00e3o, difus\u00e3o, transforma\u00e7\u00e3o, distribui\u00e7\u00e3o ou transmiss\u00e3o a seu favor, diferente do direito de utiliza\u00e7\u00e3o que acarreta a utiliza\u00e7\u00e3o leg\u00edtima das p\u00e1ginas web.<\/p>\n<\/p>\n<\/div>\n<\/div>\n<\/div>\n<\/div>\n<\/div>\n<\/div>\n<\/div>\n<\/div>\n<\/section>\n<section class=\"elementor-section elementor-top-section elementor-element elementor-element-6661610 elementor-section-boxed elementor-section-height-default elementor-section-height-default\" data-id=\"6661610\" data-element_type=\"section\">\n<div class=\"elementor-container elementor-column-gap-default\">\n<div class=\"elementor-row\">\n<div class=\"elementor-column elementor-col-100 elementor-top-column elementor-element elementor-element-1e2ed40\" data-id=\"1e2ed40\" data-element_type=\"column\">\n<div class=\"elementor-column-wrap elementor-element-populated\">\n<div class=\"elementor-widget-wrap\">\n<div class=\"elementor-element elementor-element-468be87 elementor-widget elementor-widget-heading\" data-id=\"468be87\" data-element_type=\"widget\" data-widget_type=\"heading.default\">\n<div class=\"elementor-widget-container\">\n<h2 class=\"elementor-heading-title elementor-size-default\">Conte\u00fados da web e links<\/h2>\n<div> <\/div>\n<\/div>\n<\/div>\n<\/div>\n<\/div>\n<\/div>\n<\/div>\n<\/div>\n<\/section>\n<section class=\"elementor-section elementor-top-section elementor-element elementor-element-7bd0ba4 elementor-section-boxed elementor-section-height-default elementor-section-height-default\" data-id=\"7bd0ba4\" data-element_type=\"section\">\n<div class=\"elementor-container elementor-column-gap-default\">\n<div class=\"elementor-row\">\n<div class=\"elementor-column elementor-col-100 elementor-top-column elementor-element elementor-element-116d0e4\" data-id=\"116d0e4\" data-element_type=\"column\">\n<div class=\"elementor-column-wrap elementor-element-populated\">\n<div class=\"elementor-widget-wrap\">\n<div class=\"elementor-element elementor-element-fbfdce2 elementor-widget elementor-widget-text-editor\" data-id=\"fbfdce2\" data-element_type=\"widget\" data-widget_type=\"text-editor.default\">\n<div class=\"elementor-widget-container\">\n<div class=\"elementor-text-editor elementor-clearfix\">\n<p>A SERVINFORM, S.A. N\u00e3o se responsabiliza pela incorreta utiliza\u00e7\u00e3o que se realize dos conte\u00fados das suas p\u00e1ginas web, sendo exclusiva responsabilidade da pessoa que acede a eles ou os utilize.<\/p>\n<p>Os titulares de outras p\u00e1ginas web que desejem criar uma hiperliga\u00e7\u00e3o para as p\u00e1ginas web, comprometem-se a n\u00e3o estabelecer links para p\u00e1ginas web nas quais n\u00e3o apare\u00e7am o log\u00f3tipo da SERVINFORM, S.A. E a n\u00e3o realizar manifesta\u00e7\u00f5es falsas, inexatas ou incorretas, que possam induzir em erro ou, em geral, que sejam contr\u00e1rias \u00e0 lei.<\/p>\n<p>Os titulares de outras p\u00e1ginas web que desejem criar uma hiperliga\u00e7\u00e3o para as p\u00e1ginas web comprometem-se, assim, a n\u00e3o estabelecer hiperliga\u00e7\u00f5es com p\u00e1ginas web que contenham conte\u00fados, manifesta\u00e7\u00f5es ou propaganda de \u00edndole racista, xen\u00f3foba, pornogr\u00e1fica, de apologia ao terrorismo e, em geral, possam prejudicar, de qualquer modo, o bom nome ou a imagem da SERVINFORM, S.A.<\/p>\n<p>A inclus\u00e3o de hiperliga\u00e7\u00f5es nas p\u00e1ginas web n\u00e3o implica necessariamente que a SERVINFORM, S.A. Mantenha rela\u00e7\u00f5es comerciais ou v\u00ednculos associativos ao titular da p\u00e1gina web na qual se estabele\u00e7a o link.<\/p>\n<p>A presen\u00e7a de hiperliga\u00e7\u00f5es nas p\u00e1ginas web tem uma finalidade meramente informativa, motivo pelo qual, a SERVINFORM, S.A. N\u00e3o se responsabiliza, nem outorga garantia de qualquer natureza, nem expressa nem impl\u00edcita, relativamente \u00e0 comercializa\u00e7\u00e3o, idoneidade, qualidade, caracter\u00edsticas, proced\u00eancia, comercializa\u00e7\u00e3o ou qualquer outro aspeto das informa\u00e7\u00f5es, produtos e\/ou servi\u00e7os.<\/p>\n<p>A isen\u00e7\u00e3o de responsabilidade estabelecida nos pontos anteriores n\u00e3o operar\u00e1 no pressuposto de que o fornecedor de conte\u00fados ao qual se liga, ou cuja localiza\u00e7\u00e3o se facilite aja sob a dire\u00e7\u00e3o, autoridade e controlo do prestador que facilite a localiza\u00e7\u00e3o desses conte\u00fados.<\/p>\n<\/p>\n<\/div>\n<\/div>\n<\/div>\n<\/div>\n<\/div>\n<\/div>\n<\/div>\n<\/div>\n<\/section>\n<section class=\"elementor-section elementor-top-section elementor-element elementor-element-f6737fb elementor-section-boxed elementor-section-height-default elementor-section-height-default\" data-id=\"f6737fb\" data-element_type=\"section\">\n<div class=\"elementor-container elementor-column-gap-default\">\n<div class=\"elementor-row\">\n<div class=\"elementor-column elementor-col-100 elementor-top-column elementor-element elementor-element-9279056\" data-id=\"9279056\" data-element_type=\"column\">\n<div class=\"elementor-column-wrap elementor-element-populated\">\n<div class=\"elementor-widget-wrap\">\n<div class=\"elementor-element elementor-element-dedbd97 elementor-widget elementor-widget-heading\" data-id=\"dedbd97\" data-element_type=\"widget\" data-widget_type=\"heading.default\">\n<div class=\"elementor-widget-container\">\n<h2 class=\"elementor-heading-title elementor-size-default\">Manifesta\u00e7\u00f5es<\/h2>\n<div> <\/div>\n<\/div>\n<\/div>\n<\/div>\n<\/div>\n<\/div>\n<\/div>\n<\/div>\n<\/section>\n<section class=\"elementor-section elementor-top-section elementor-element elementor-element-728ba67 elementor-section-boxed elementor-section-height-default elementor-section-height-default\" data-id=\"728ba67\" data-element_type=\"section\">\n<div class=\"elementor-container elementor-column-gap-default\">\n<div class=\"elementor-row\">\n<div class=\"elementor-column elementor-col-100 elementor-top-column elementor-element elementor-element-837b4d9\" data-id=\"837b4d9\" data-element_type=\"column\">\n<div class=\"elementor-column-wrap elementor-element-populated\">\n<div class=\"elementor-widget-wrap\">\n<div class=\"elementor-element elementor-element-e52384f elementor-widget elementor-widget-text-editor\" data-id=\"e52384f\" data-element_type=\"widget\" data-widget_type=\"text-editor.default\">\n<div class=\"elementor-widget-container\">\n<div class=\"elementor-text-editor elementor-clearfix\">\n<p>A SERVINFORM, S.A. Manifesta que as suas p\u00e1ginas web disp\u00f5em da tecnologia adequada para permitir o acesso e a utiliza\u00e7\u00e3o do mesmo. N\u00e3o obstante, n\u00e3o se responsabiliza pela eventual exist\u00eancia de v\u00edrus ou outros elementos nocivos, introduzidos atrav\u00e9s de qualquer meio ou de qualquer terceiro, que possam produzir altera\u00e7\u00f5es nos seus sistemas inform\u00e1ticos.<\/p>\n<p>As p\u00e1ginas web poderiam contem erros, omiss\u00f5es relevantes, imprecis\u00f5es ou erratas. A SERVINFORM, S.A. N\u00e3o garante, em caso algum, a veracidade, a exatid\u00e3o e a atualidade dos dados contidos nas suas p\u00e1ginas web. O utilizador que acede \u00e0s p\u00e1ginas web isenta a SERVINFORM, S.A. De qualquer responsabilidade relativamente \u00e0 fiabilidade, utilidade ou falsas expetativas que ditas p\u00e1ginas web possam produzir.<\/p>\n<\/p>\n<\/div>\n<\/div>\n<\/div>\n<\/div>\n<\/div>\n<\/div>\n<\/div>\n<\/div>\n<\/section>\n<section class=\"elementor-section elementor-top-section elementor-element elementor-element-db35e61 elementor-section-boxed elementor-section-height-default elementor-section-height-default\" data-id=\"db35e61\" data-element_type=\"section\">\n<div class=\"elementor-container elementor-column-gap-default\">\n<div class=\"elementor-row\">\n<div class=\"elementor-column elementor-col-100 elementor-top-column elementor-element elementor-element-bfd7596\" data-id=\"bfd7596\" data-element_type=\"column\">\n<div class=\"elementor-column-wrap elementor-element-populated\">\n<div class=\"elementor-widget-wrap\">\n<div class=\"elementor-element elementor-element-617ddf7 elementor-widget elementor-widget-heading\" data-id=\"617ddf7\" data-element_type=\"widget\" data-widget_type=\"heading.default\">\n<div class=\"elementor-widget-container\">\n<h2 class=\"elementor-heading-title elementor-size-default\">Limita\u00e7\u00e3o de responsabilidade<\/h2>\n<div> <\/div>\n<\/div>\n<\/div>\n<\/div>\n<\/div>\n<\/div>\n<\/div>\n<\/div>\n<\/section>\n<section class=\"elementor-section elementor-top-section elementor-element elementor-element-4af670a elementor-section-boxed elementor-section-height-default elementor-section-height-default\" data-id=\"4af670a\" data-element_type=\"section\">\n<div class=\"elementor-container elementor-column-gap-default\">\n<div class=\"elementor-row\">\n<div class=\"elementor-column elementor-col-100 elementor-top-column elementor-element elementor-element-d95cb9d\" data-id=\"d95cb9d\" data-element_type=\"column\">\n<div class=\"elementor-column-wrap elementor-element-populated\">\n<div class=\"elementor-widget-wrap\">\n<div class=\"elementor-element elementor-element-9f1b401 elementor-widget elementor-widget-text-editor\" data-id=\"9f1b401\" data-element_type=\"widget\" data-widget_type=\"text-editor.default\">\n<div class=\"elementor-widget-container\">\n<div class=\"elementor-text-editor elementor-clearfix\">\n<p>A SERVINFORM, S.A. N\u00e3o fornece garantias, de tipo algum, quanto ao funcionamento das p\u00e1ginas web ou quanto \u00e0s informa\u00e7\u00f5es contidas no mesmo. A SERVINFORM, S.A. N\u00e3o ser\u00e1 respons\u00e1vel pelos danos ou preju\u00edzos, de qualquer tipo, que possam advir da utiliza\u00e7\u00e3o das p\u00e1ginas web.<\/p>\n<p>A SERVINFORM, S.A. Exclui qualquer responsabilidade pela licitude, conte\u00fados e qualidade dos dados e informa\u00e7\u00f5es fornecidos por terceiras entidades atrav\u00e9s das p\u00e1ginas web.<\/p>\n<\/div>\n<\/div>\n<\/div>\n<\/div>\n<\/div>\n<\/div>\n<\/div>\n<\/div>\n<\/section>\n\t\t\t\t\t\t\t\t<\/div>\n\t\t\t\t<\/div>\n\t\t\t\t\t<\/div>\n\t\t<\/div>\n\t\t\t\t\t<\/div>\n\t\t<\/section>\n\t\t\t\t<\/div>\n\t\t","protected":false},"excerpt":{"rendered":"<p>AVISO LEGAL DA SERVINFORM, S.A. O presente aviso legal (doravante, o \u201cAviso Legal\u201d) regula a utiliza\u00e7\u00e3o das p\u00e1ginas web titularidade da SERVINFORM, S.A. (Doravante, P\u00e1ginas Web) com domic\u00edlio social em c\/ Manufacturas, 11 Pol\u00edgono Industrial P.I.S.A. C.P. 41927 Mairena del Aljarafe, Sevilha, Endere\u00e7o de correio eletr\u00f3nico sgcorp.servinform@servinform.es, telefone de contacto 95 448 58 00, N\u00famero [&hellip;]<\/p>\n","protected":false},"author":1,"featured_media":0,"parent":0,"menu_order":0,"comment_status":"closed","ping_status":"closed","template":"elementor_header_footer","meta":{"_acf_changed":false,"footnotes":""},"class_list":["post-4897","page","type-page","status-publish","hentry"],"acf":[],"_links":{"self":[{"href":"https:\/\/www.servinform.es\/pt-pt\/wp-json\/wp\/v2\/pages\/4897","targetHints":{"allow":["GET"]}}],"collection":[{"href":"https:\/\/www.servinform.es\/pt-pt\/wp-json\/wp\/v2\/pages"}],"about":[{"href":"https:\/\/www.servinform.es\/pt-pt\/wp-json\/wp\/v2\/types\/page"}],"author":[{"embeddable":true,"href":"https:\/\/www.servinform.es\/pt-pt\/wp-json\/wp\/v2\/users\/1"}],"replies":[{"embeddable":true,"href":"https:\/\/www.servinform.es\/pt-pt\/wp-json\/wp\/v2\/comments?post=4897"}],"version-history":[{"count":0,"href":"https:\/\/www.servinform.es\/pt-pt\/wp-json\/wp\/v2\/pages\/4897\/revisions"}],"wp:attachment":[{"href":"https:\/\/www.servinform.es\/pt-pt\/wp-json\/wp\/v2\/media?parent=4897"}],"curies":[{"name":"wp","href":"https:\/\/api.w.org\/{rel}","templated":true}]}}