{"id":5130,"date":"2021-11-12T10:17:33","date_gmt":"2021-11-12T10:17:33","guid":{"rendered":"https:\/\/servinformsa.wpengine.com\/politica-de-privacidade\/"},"modified":"2021-11-12T10:23:19","modified_gmt":"2021-11-12T10:23:19","slug":"politica-de-privacidade","status":"publish","type":"page","link":"https:\/\/www.servinform.es\/pt-pt\/politica-de-privacidade\/","title":{"rendered":"Pol\u00edtica de privacidade"},"content":{"rendered":"\t\t<div data-elementor-type=\"wp-page\" data-elementor-id=\"5130\" class=\"elementor elementor-5130 elementor-5076\" data-elementor-post-type=\"page\">\n\t\t\t\t\t\t<section class=\"elementor-section elementor-top-section elementor-element elementor-element-5e85906 elementor-section-boxed elementor-section-height-default elementor-section-height-default\" data-id=\"5e85906\" data-element_type=\"section\" data-e-type=\"section\" data-settings=\"{&quot;jet_parallax_layout_list&quot;:[{&quot;jet_parallax_layout_image&quot;:{&quot;url&quot;:&quot;&quot;,&quot;id&quot;:&quot;&quot;,&quot;size&quot;:&quot;&quot;},&quot;_id&quot;:&quot;6402c8b&quot;,&quot;jet_parallax_layout_image_tablet&quot;:{&quot;url&quot;:&quot;&quot;,&quot;id&quot;:&quot;&quot;,&quot;size&quot;:&quot;&quot;},&quot;jet_parallax_layout_image_mobile&quot;:{&quot;url&quot;:&quot;&quot;,&quot;id&quot;:&quot;&quot;,&quot;size&quot;:&quot;&quot;},&quot;jet_parallax_layout_speed&quot;:{&quot;unit&quot;:&quot;%&quot;,&quot;size&quot;:50,&quot;sizes&quot;:[]},&quot;jet_parallax_layout_type&quot;:&quot;scroll&quot;,&quot;jet_parallax_layout_direction&quot;:null,&quot;jet_parallax_layout_fx_direction&quot;:null,&quot;jet_parallax_layout_z_index&quot;:&quot;&quot;,&quot;jet_parallax_layout_bg_x&quot;:50,&quot;jet_parallax_layout_bg_x_tablet&quot;:&quot;&quot;,&quot;jet_parallax_layout_bg_x_mobile&quot;:&quot;&quot;,&quot;jet_parallax_layout_bg_y&quot;:50,&quot;jet_parallax_layout_bg_y_tablet&quot;:&quot;&quot;,&quot;jet_parallax_layout_bg_y_mobile&quot;:&quot;&quot;,&quot;jet_parallax_layout_bg_size&quot;:&quot;auto&quot;,&quot;jet_parallax_layout_bg_size_tablet&quot;:&quot;&quot;,&quot;jet_parallax_layout_bg_size_mobile&quot;:&quot;&quot;,&quot;jet_parallax_layout_animation_prop&quot;:&quot;transform&quot;,&quot;jet_parallax_layout_on&quot;:[&quot;desktop&quot;,&quot;tablet&quot;]}]}\">\n\t\t\t\t\t\t<div class=\"elementor-container elementor-column-gap-default\">\n\t\t\t\t\t<div class=\"elementor-column elementor-col-100 elementor-top-column elementor-element elementor-element-ddbbec9\" data-id=\"ddbbec9\" data-element_type=\"column\" data-e-type=\"column\">\n\t\t\t<div class=\"elementor-widget-wrap elementor-element-populated\">\n\t\t\t\t\t\t<div class=\"elementor-element elementor-element-ab88f85 elementor-widget elementor-widget-heading\" data-id=\"ab88f85\" data-element_type=\"widget\" data-e-type=\"widget\" data-widget_type=\"heading.default\">\n\t\t\t\t<div class=\"elementor-widget-container\">\n\t\t\t\t\t<h2 class=\"elementor-heading-title elementor-size-default\">POL\u00cdTICA DE PRIVACIDADE<\/h2>\t\t\t\t<\/div>\n\t\t\t\t<\/div>\n\t\t\t\t<div class=\"elementor-element elementor-element-f747ab0 elementor-widget elementor-widget-text-editor\" data-id=\"f747ab0\" data-element_type=\"widget\" data-e-type=\"widget\" data-widget_type=\"text-editor.default\">\n\t\t\t\t<div class=\"elementor-widget-container\">\n\t\t\t\t\t\t\t\t\t<section class=\"elementor-section elementor-top-section elementor-element elementor-element-fda6d14 elementor-section-boxed elementor-section-height-default elementor-section-height-default\" data-id=\"fda6d14\" data-element_type=\"section\"><div class=\"elementor-container elementor-column-gap-default\"><div class=\"elementor-row\"><div class=\"elementor-column elementor-col-100 elementor-top-column elementor-element elementor-element-811a105\" data-id=\"811a105\" data-element_type=\"column\"><div class=\"elementor-column-wrap elementor-element-populated\"><div class=\"elementor-widget-wrap\"><div class=\"elementor-element elementor-element-5fca624 elementor-widget elementor-widget-text-editor\" data-id=\"5fca624\" data-element_type=\"widget\" data-widget_type=\"text-editor.default\"><div class=\"elementor-widget-container\"><div class=\"elementor-text-editor elementor-clearfix\"><section class=\"elementor-section elementor-top-section elementor-element elementor-element-7bf95608 elementor-section-boxed elementor-section-height-default elementor-section-height-default\" data-id=\"7bf95608\" data-element_type=\"section\"><div class=\"elementor-container elementor-column-gap-default\"><div class=\"elementor-row\"><div class=\"elementor-column elementor-col-100 elementor-top-column elementor-element elementor-element-1cac4fa9\" data-id=\"1cac4fa9\" data-element_type=\"column\"><div class=\"elementor-column-wrap elementor-element-populated\"><div class=\"elementor-widget-wrap\"><div class=\"elementor-element elementor-element-3bef6480 elementor-widget elementor-widget-text-editor\" data-id=\"3bef6480\" data-element_type=\"widget\" data-widget_type=\"text-editor.default\"><div class=\"elementor-widget-container\"><div class=\"elementor-text-editor elementor-clearfix\"><p><strong>Data da \u00faltima atualiza\u00e7\u00e3o: 12\/11\/2020<\/strong><\/p><p>Atrav\u00e9s deste aviso, a empresa SERVINFORM, S.A. domiciliada na Calle Manufaturas, 11 \u2013 Parque Industrial PISA \u2013 41927 Mairena del Aljarafe (Sevilha) e com endere\u00e7o de e-mail protecciondedatos@servinform.es, informa os utilizadores dos seus websites sobre a sua pol\u00edtica pessoal de prote\u00e7\u00e3o de dados para que os Utilizadores possam determinar livre e voluntariamente se pretendem fornecer SERVINFORM,\u00a0 S.A. os Dados Pessoais que possam ser necess\u00e1rios ou que possam ser obtidos junto dos Utilizadores por ocasi\u00e3o da subscri\u00e7\u00e3o ou registo em alguns dos servi\u00e7os oferecidos pela SERVINFORM, S.A. no Portal ou atrav\u00e9s do Portal. A SERVINFORM, S.A. reserva-se o direito de modificar esta pol\u00edtica para a adaptar \u00e0 nova legisla\u00e7\u00e3o ou jurisprud\u00eancia, bem como \u00e0s pr\u00e1ticas do setor. Nestes casos, a SERVINFORM, S.A. anunciar\u00e1 nesta p\u00e1gina as altera\u00e7\u00f5es introduzidas com antecipa\u00e7\u00e3o razo\u00e1vel da sua implementa\u00e7\u00e3o.<\/p><h2><strong><em>Registo de ficheiros e formul\u00e1rios<\/em><\/strong><\/h2><h5><strong><em>Sec\u00e7\u00e3o de contato: Informa\u00e7\u00f5es adicionais sobre prote\u00e7\u00e3o de dados<\/em><\/strong><\/h5><p><strong>\u00bf<\/strong><strong>Quem \u00e9 o respons\u00e1vel pelo tratamento dos seus dados?<\/strong><\/p><p>Identidade: SERVINFORM, S.A. \u2013 CIF: A41050980<\/p><p>Endere\u00e7o postal: Calle Manufaturas, 11 \u2013 Parque Industrial PISA \u2013 41927 Mairena del Aljarafe (Sevilha)<\/p><p>Telefone: 95 448 58 00<\/p><p>Email: sgcorp.servinform@servinform.es<\/p><p>Encarregado de Prote\u00e7\u00e3o de Dados: ASC\u00c8NDIA REINGENIERIA Y CONSULTING, S.L.<\/p><p>Entrar em contato com a DPD.: protecciondedatos@servinform.es<\/p><p><strong>\u00a0<\/strong><\/p><p><strong>Para que finalidade tratamos os seus dados pessoais?<\/strong><\/p><p>Processamos os seus dados para responder \u00e0 sua consulta\/pedido e gerir o tipo de rela\u00e7\u00e3o que tem connosco. Os seus dados de contacto ser\u00e3o mantidos desde que mantenha o seu consentimento para este fim. N\u00e3o ser\u00e3o tomadas decis\u00f5es individuais automatizadas ou ser\u00e3o elaborados perfis.<\/p><p><strong>\u00a0<\/strong><\/p><p><strong>Qual \u00e9 a legitimidade para o tratamento dos seus dados?<\/strong><\/p><p>Tratamos os seus dados pessoais com base no seu consentimento para responder ao seu pedido ou pedido. Em caso de n\u00e3o fornecer os seus dados seria imposs\u00edvel estabelecer qualquer rela\u00e7\u00e3o comercial entre as partes.<\/p><p><strong>\u00a0<\/strong><\/p><p><strong>A que destinat\u00e1rios os seus dados ser\u00e3o comunicados?<\/strong><\/p><p>N\u00e3o ser\u00e3o feitas transfer\u00eancias dos seus dados. N\u00e3o haver\u00e1 transfer\u00eancias internacionais de dados.<\/p><p><strong><em>Trabalhar com a sec\u00e7\u00e3o &#8220;N\u00f3s:&#8221;<\/em><\/strong><\/p><p><strong>(Informa\u00e7\u00f5es adicionais sobre a prote\u00e7\u00e3o de dados)<\/strong><\/p><p><strong>\u00a0<\/strong><strong>Quem \u00e9 o respons\u00e1vel pelo tratamento dos seus dados?<\/strong><\/p><p>Identidade: SERVINFORM, S.A. \u2013 CIF: A41050980<\/p><p>Endere\u00e7o postal: c\/ Manufatura, 11 Pol\u00edgono Industrial P.I.S.A.C.P. 41927 Mairena del Aljarafe, Sevilha.<\/p><p>Telefone: 95 448 58 00<\/p><p>Email: sgcorp.servinform@servinform.es<\/p><p>Encarregado de Prote\u00e7\u00e3o de Dados: ASC\u00c8NDIA REINGENIERIA Y CONSULTING, S.L.<\/p><p>Entrar em contato com a DPD.: protecciondedatos@servinform.es<\/p><p><strong>\u00a0<\/strong><\/p><p><strong>Para que finalidade tratamos os seus dados pessoais?<\/strong><\/p><p>Tratamos os seus dados para criar uma base de dados de candidatos que optem por preencher vagas na empresa (Servinform) e em empresas por ela detidas, e os perfis curriculares ser\u00e3o preparados com base nas informa\u00e7\u00f5es fornecidas por si, para ajustar o seu perfil \u00e0s caracter\u00edsticas dos lugares vagos.<\/p><p>Os seus dados curriculares ser\u00e3o conservado desde que mantenha o seu consentimento para este fim. N\u00e3o ser\u00e3o tomadas decis\u00f5es individuais automatizadas.<\/p><p><strong>Qual \u00e9 a legitimidade para o tratamento dos seus dados?<\/strong><\/p><p>Tratamos os seus dados pessoais com base no seu consentimento para incluir os seus dados curriculares numa base de dados de candidatos que optem por preencher vagas na entidade.<\/p><p>Se n\u00e3o fornecer os seus dados, seria imposs\u00edvel envolv\u00ea-lo em futuros processos de sele\u00e7\u00e3o de pessoal.<\/p><p><strong>A que destinat\u00e1rios os seus dados ser\u00e3o comunicados?<\/strong><\/p><p>Os seus dados n\u00e3o ser\u00e3o comunicados a terceiros, exceto a outras empresas do Grupo ou detidas pela Servinform.<\/p><p>A comunica\u00e7\u00e3o de dados ser\u00e1 realizada garantindo as medidas de seguran\u00e7a exigidas na legisla\u00e7\u00e3o em vigor sobre a Prote\u00e7\u00e3o de Dados Pessoais atrav\u00e9s de ferramentas de software de gest\u00e3o e ao abrigo de pol\u00edticas de prote\u00e7\u00e3o de dados pessoais emitidas pela SERVINFORM.<\/p><p>N\u00e3o haver\u00e1 transfer\u00eancias internacionais de dados.<\/p><p>A SERVINFORM, S.A. fornece aos Utilizadores os recursos t\u00e9cnicos adequados para que, antecipadamente, possam aceder a este aviso sobre a Pol\u00edtica de Privacidade ou qualquer outra informa\u00e7\u00e3o relevante e possam dar o seu consentimento para que a SERVINFORM, S.A. prossiga para o tratamento automatizado dos seus Dados Pessoais. Exceto nos campos em que indicado de outra forma, as respostas \u00e0s perguntas sobre Dados Pessoais s\u00e3o volunt\u00e1rias, sem que a falta de resposta implique uma diminui\u00e7\u00e3o da qualidade ou quantidade dos servi\u00e7os correspondentes, salvo indica\u00e7\u00e3o em contr\u00e1rio.<\/p><p><strong>Finalidades<\/strong><\/p><p>A finalidade para a qual os dados pessoais que fornece ser\u00e3o utilizados est\u00e1 claramente definida na sec\u00e7\u00e3o anterior para cada uma das nossas sec\u00e7\u00f5es suscet\u00edveis \u00e0 recolha de dados.<\/p><p><strong>Exerc\u00edcio de direitos<\/strong><\/p><p>Os interessados t\u00eam o direito de obter a confirma\u00e7\u00e3o de se estamos a tratar dados pessoais sobre os mesmos, ou n\u00e3o.<\/p><p>Os interessados t\u00eam o direito de aceder aos seus dados pessoais, bem como solicitar a retifica\u00e7\u00e3o de dados imprecisos ou, se for caso disso, solicitar a sua elimina\u00e7\u00e3o quando, entre outras raz\u00f5es, os dados deixarem de ser necess\u00e1rios para as finalidades para as quais foram recolhidos.<\/p><p>Os interessados t\u00eam o direito de revogar ou retirar o consentimento concedido para o tratamento dos seus dados para fins espec\u00edficos a qualquer momento.<\/p><p>Em determinadas circunst\u00e2ncias e por raz\u00f5es relacionadas com a sua situa\u00e7\u00e3o particular, os interessados podem opor-se ao tratamento dos seus dados ou parte deles, caso em que deixaremos de tratar os dados, exceto para o cumprimento de uma obriga\u00e7\u00e3o legal.<\/p><p>Em determinadas circunst\u00e2ncias, os interessados podem solicitar a limita\u00e7\u00e3o do tratamento dos seus dados, caso em que apenas os guardaremos para o exerc\u00edcio ou defesa de reclama\u00e7\u00f5es e para o cumprimento de qualquer obriga\u00e7\u00e3o legal.<\/p><p>Em determinadas circunst\u00e2ncias (quando o tratamento \u00e9 realizado por meios automatizados e se baseia no consentimento dos interessados), os interessados podem solicitar a portabilidade dos seus dados de modo a que sejam transmitidos a outra pessoa respons\u00e1vel.<\/p><p>Em determinadas circunst\u00e2ncias (quando a base da legitimidade \u00e9 a realiza\u00e7\u00e3o de um contrato ou o consentimento do titular dos dados) os titulares de dados podem solicitar o seu direito de n\u00e3o estarem sujeitos a uma decis\u00e3o baseada unicamente no tratamento automatizado, incluindo perfis, o que me d\u00e1 efeitos legais ou igualmente me afeta significativamente.<\/p><p>Os interessados podem exercer os seus direitos escrevendo ao Controlador de Dados no endere\u00e7o Calle Manufaturas, 11 \u2013 Parque Industrial PISA \u2013 41927 Mairena del Aljarafe (Sevilha), protecciondedatos@servinform.es, e podem obter modelos para este exerc\u00edcio em www.aepd.es.<\/p><p>Os interessados t\u00eam a possibilidade de apresentar uma reclama\u00e7\u00e3o quando n\u00e3o obtiveram satisfa\u00e7\u00e3o no exerc\u00edcio dos seus direitos perante a Ag\u00eancia Espanhola de Prote\u00e7\u00e3o de Dados (www.aepd.es). Da mesma forma, os interessados podem obter informa\u00e7\u00f5es adicionais sobre os seus direitos contactando a Ag\u00eancia Espanhola de Prote\u00e7\u00e3o de Dados (www.aepd.es).<\/p><p><strong>Precis\u00e3o e veracidade dos dados fornecidos<\/strong><\/p><p>Os utilizadores garantem e s\u00e3o respons\u00e1veis, em qualquer caso, pela exatid\u00e3o, validade e autenticidade dos dados pessoais fornecidos, e comprometem-se a mant\u00ea-los devidamente atualizados.<\/p><p>A SERVINFORM, S.A. n\u00e3o se responsabiliza pela veracidade da informa\u00e7\u00e3o que n\u00e3o \u00e9 da sua pr\u00f3pria elabora\u00e7\u00e3o e da qual \u00e9 indicada outra fonte, pelo que n\u00e3o assume qualquer responsabilidade em termos de danos hipot\u00e9ticos que possam ter origem na utiliza\u00e7\u00e3o dessas informa\u00e7\u00f5es.<\/p><p>A SERVINFORM, S.A. reserva-se o direito de atualizar, modificar ou eliminar as informa\u00e7\u00f5es contidas nas suas p\u00e1ginas web e pode mesmo limitar ou n\u00e3o permitir o acesso a essas informa\u00e7\u00f5es.<\/p><p>A SERVINFORM, S.A. \u00e9 exonerada da responsabilidade por qualquer perda ou dano que o Utilizador possa sofrer em consequ\u00eancia de erros, defeitos ou omiss\u00f5es, nas informa\u00e7\u00f5es fornecidas pela SERVINFORM, S.A. desde que provena de fontes fora da SERVINFORM, S.A.<\/p><p><strong>Cookies<\/strong><\/p><p>Em conformidade com a Lei n.700\/2002, de 11 de julho, Servi\u00e7os da Sociedade da Informa\u00e7\u00e3o e do Com\u00e9rcio Eletr\u00f3nico, informamos que este site \u00e9 https:\/\/www.servinform.es propriedade da SERVINFORM, S.A.<\/p><p>Pode aceder \u00e0s informa\u00e7\u00f5es detalhadas sobre a utiliza\u00e7\u00e3o de Cookies na <a href=\"https:\/\/www.servinform.es\/politica-de-cookies\/\">sec\u00e7\u00e3o Pol\u00edtica de Cookies.<\/a><\/p><p><strong>Medidas de seguran\u00e7a<\/strong><\/p><p>A SERVINFORM, S.A. adotou os n\u00edveis e medidas de seguran\u00e7a para a prote\u00e7\u00e3o de dados pessoais, instalando nos seus sistemas e arquiva as medidas t\u00e9cnicas necess\u00e1rias para garantir o tratamento confidencial dos dados, evitar a sua perda, altera\u00e7\u00e3o e acesso n\u00e3o autorizado.<\/p><p><strong>Aceita\u00e7\u00e3o e Consentimento<\/strong><\/p><p>O Utilizador declara ter sido informado das condi\u00e7\u00f5es de prote\u00e7\u00e3o de dados pessoais, aceitando e consentindo no tratamento automatizado dos mesmos pela SERVINFORM, S.A. nos termos indicados na cl\u00e1usula informativa presente em cada uma das sec\u00e7\u00f5es em que os dados pessoais podem ser recolhidos.<\/p><\/div><\/div><\/div><\/div><\/div><\/div><\/div><\/div><\/section><\/div><\/div><\/div><\/div><\/div><\/div><\/div><\/div><\/section>\t\t\t\t\t\t\t\t<\/div>\n\t\t\t\t<\/div>\n\t\t\t\t\t<\/div>\n\t\t<\/div>\n\t\t\t\t\t<\/div>\n\t\t<\/section>\n\t\t\t\t<\/div>\n\t\t","protected":false},"excerpt":{"rendered":"<p>POL\u00cdTICA DE PRIVACIDADE Data da \u00faltima atualiza\u00e7\u00e3o: 12\/11\/2020 Atrav\u00e9s deste aviso, a empresa SERVINFORM, S.A. domiciliada na Calle Manufaturas, 11 \u2013 Parque Industrial PISA \u2013 41927 Mairena del Aljarafe (Sevilha) e com endere\u00e7o de e-mail protecciondedatos@servinform.es, informa os utilizadores dos seus websites sobre a sua pol\u00edtica pessoal de prote\u00e7\u00e3o de dados para que os Utilizadores [&hellip;]<\/p>\n","protected":false},"author":1,"featured_media":0,"parent":0,"menu_order":0,"comment_status":"closed","ping_status":"closed","template":"elementor_header_footer","meta":{"_acf_changed":false,"footnotes":""},"class_list":["post-5130","page","type-page","status-publish","hentry"],"acf":[],"_links":{"self":[{"href":"https:\/\/www.servinform.es\/pt-pt\/wp-json\/wp\/v2\/pages\/5130","targetHints":{"allow":["GET"]}}],"collection":[{"href":"https:\/\/www.servinform.es\/pt-pt\/wp-json\/wp\/v2\/pages"}],"about":[{"href":"https:\/\/www.servinform.es\/pt-pt\/wp-json\/wp\/v2\/types\/page"}],"author":[{"embeddable":true,"href":"https:\/\/www.servinform.es\/pt-pt\/wp-json\/wp\/v2\/users\/1"}],"replies":[{"embeddable":true,"href":"https:\/\/www.servinform.es\/pt-pt\/wp-json\/wp\/v2\/comments?post=5130"}],"version-history":[{"count":0,"href":"https:\/\/www.servinform.es\/pt-pt\/wp-json\/wp\/v2\/pages\/5130\/revisions"}],"wp:attachment":[{"href":"https:\/\/www.servinform.es\/pt-pt\/wp-json\/wp\/v2\/media?parent=5130"}],"curies":[{"name":"wp","href":"https:\/\/api.w.org\/{rel}","templated":true}]}}